{"id":2474,"date":"2023-06-16T16:40:39","date_gmt":"2023-06-16T13:40:39","guid":{"rendered":"https:\/\/123spa.lv\/products\/uncategorized\/cleaning-robot-maytronics-dolphin-supreme-m600\/"},"modified":"2024-06-27T16:07:20","modified_gmt":"2024-06-27T13:07:20","slug":"cleaning-robot-maytronics-dolphin-supreme-m600","status":"publish","type":"product","link":"https:\/\/123spa.lv\/en\/products\/pool-care-equipment\/cleaning-robot-maytronics-dolphin-supreme-m600\/","title":{"rendered":"Cleaning robot Maytronics Dolphin Supreme M600"},"content":{"rendered":"<p id=\"tw-target-text\" class=\"tw-data-text tw-text-large XcVN5d tw-ta\" dir=\"ltr\" data-placeholder=\"Tulkojums\"><span class=\"Y2IQFc\" lang=\"lv\">Skillfully cleans the floor, walls and waterline without additional intervention, thus making the pool much more attractive. <\/span><span class=\"Y2IQFc\" lang=\"lv\">The pool cleaning robot will be a great helper to keep your swimming pool always clean. The Maytronics Dolphin Supreme M600 delivers the highest performance with the absolute minimum of effort and hassle. The gyroscope inside ensures stable navigation and ensures maximum cleaning efficiency.<\/span><\/p>\n<p dir=\"ltr\" data-placeholder=\"Tulkojums\"><span class=\"Y2IQFc\" lang=\"lv\">Get more free time for yourself by entrusting the cleaning of the swimming pool to Maytronics Dolphin cleaning robots. <\/span><\/p>\n<h4 data-placeholder=\"Tulkojums\">Cleaning robot Maytronics Dolphin Supreme M600 Specification:<\/h4>\n<p class=\"tw-data-text tw-text-large XcVN5d tw-ta\" dir=\"ltr\" data-placeholder=\"Tulkojums\"><span class=\"Y2IQFc\" lang=\"lv\"><strong>Operating time<\/strong> \u2013 1,5; 2,5; 3,5 hours<\/span><\/p>\n<p class=\"tw-data-text tw-text-large XcVN5d tw-ta\" dir=\"ltr\" data-placeholder=\"Tulkojums\"><span class=\"Y2IQFc\" lang=\"lv\"><strong>Operating time<\/strong> \u2013 1,5; 2,5; 3,5 hours<\/span><\/p>\n<p class=\"tw-data-text tw-text-large XcVN5d tw-ta\" dir=\"ltr\" data-placeholder=\"Tulkojums\"><span class=\"Y2IQFc\" lang=\"lv\"><strong>Filtration<\/strong> \u2013 Cartridge filter<\/span><\/p>\n<p class=\"tw-data-text tw-text-large XcVN5d tw-ta\" dir=\"ltr\" data-placeholder=\"Tulkojums\"><span class=\"Y2IQFc\" lang=\"lv\"><strong>Number of brushes \/ from this asset<\/strong>\u2013 4\/2<\/span><\/p>\n<p class=\"tw-data-text tw-text-large XcVN5d tw-ta\" dir=\"ltr\" data-placeholder=\"Tulkojums\"><span class=\"Y2IQFc\" lang=\"lv\"><strong>Cleaning the pool walls<\/strong> &#8211; Yes<\/span><\/p>\n<p class=\"tw-data-text tw-text-large XcVN5d tw-ta\" dir=\"ltr\" data-placeholder=\"Tulkojums\"><span class=\"Y2IQFc\" lang=\"lv\"><strong>Cable length<\/strong> \u2013 18 m<\/span><\/p>\n<p class=\"tw-data-text tw-text-large XcVN5d tw-ta\" dir=\"ltr\" data-placeholder=\"Tulkojums\"><span class=\"Y2IQFc\" lang=\"lv\"><strong>Weight<\/strong> \u2013 11,5 kg<\/span><\/p>\n<p class=\"tw-data-text tw-text-large XcVN5d tw-ta\" dir=\"ltr\" data-placeholder=\"Tulkojums\"><span class=\"Y2IQFc\" lang=\"lv\"><strong>Remote control<\/strong> \u2013 Yes<\/span><\/p>\n<p dir=\"ltr\" data-placeholder=\"Tulkojums\"><span class=\"Y2IQFc\" lang=\"lv\"><strong>Application<\/strong> \u2013 Yes<\/span><\/p>\n<p class=\"tw-data-text tw-text-large XcVN5d tw-ta\" dir=\"ltr\" data-placeholder=\"Tulkojums\"><span class=\"Y2IQFc\" lang=\"lv\"><strong>Transfer trolley<\/strong> \u2013 Yes<\/span><\/p>\n<p dir=\"ltr\" data-placeholder=\"Tulkojums\"><strong>Made in: <\/strong>Israel<\/p>\n<div id=\"gtx-trans\" style=\"position: absolute; left: 482px; top: 75.2109px;\">\n<div class=\"gtx-trans-icon\"><\/div>\n<\/div>\n","protected":false},"excerpt":{"rendered":"<p><span class=\"Y2IQFc\" lang=\"lv\">The <strong>Maytronics Dolphin Supreme M600<\/strong> cleaning robot makes pool cleaning easier with remote setup and cleaning programs that ensure maximum cleanliness and hygiene. <\/span><\/p>\n","protected":false},"featured_media":2276,"template":"","meta":{"site-sidebar-layout":"default","site-content-layout":"default","ast-site-content-layout":"default","site-content-style":"default","site-sidebar-style":"default","ast-global-header-display":"","ast-banner-title-visibility":"","ast-main-header-display":"","ast-hfb-above-header-display":"","ast-hfb-below-header-display":"","ast-hfb-mobile-header-display":"","site-post-title":"","ast-breadcrumbs-content":"","ast-featured-img":"","footer-sml-layout":"","ast-disable-related-posts":"","theme-transparent-header-meta":"default","adv-header-id-meta":"","stick-header-meta":"","header-above-stick-meta":"","header-main-stick-meta":"","header-below-stick-meta":"","astra-migrate-meta-layouts":"set","ast-page-background-enabled":"default","ast-page-background-meta":{"desktop":{"background-color":"var(--ast-global-color-4)","background-image":"","background-repeat":"repeat","background-position":"center center","background-size":"auto","background-attachment":"scroll","background-type":"","background-media":"","overlay-type":"","overlay-color":"","overlay-opacity":"","overlay-gradient":""},"tablet":{"background-color":"","background-image":"","background-repeat":"repeat","background-position":"center center","background-size":"auto","background-attachment":"scroll","background-type":"","background-media":"","overlay-type":"","overlay-color":"","overlay-opacity":"","overlay-gradient":""},"mobile":{"background-color":"","background-image":"","background-repeat":"repeat","background-position":"center center","background-size":"auto","background-attachment":"scroll","background-type":"","background-media":"","overlay-type":"","overlay-color":"","overlay-opacity":"","overlay-gradient":""}},"ast-content-background-meta":{"desktop":{"background-color":"var(--ast-global-color-5)","background-image":"","background-repeat":"repeat","background-position":"center center","background-size":"auto","background-attachment":"scroll","background-type":"","background-media":"","overlay-type":"","overlay-color":"","overlay-opacity":"","overlay-gradient":""},"tablet":{"background-color":"var(--ast-global-color-5)","background-image":"","background-repeat":"repeat","background-position":"center center","background-size":"auto","background-attachment":"scroll","background-type":"","background-media":"","overlay-type":"","overlay-color":"","overlay-opacity":"","overlay-gradient":""},"mobile":{"background-color":"var(--ast-global-color-5)","background-image":"","background-repeat":"repeat","background-position":"center center","background-size":"auto","background-attachment":"scroll","background-type":"","background-media":"","overlay-type":"","overlay-color":"","overlay-opacity":"","overlay-gradient":""}}},"product_brand":[],"product_cat":[87],"product_tag":[],"class_list":{"0":"post-2474","1":"product","2":"type-product","3":"status-publish","4":"has-post-thumbnail","6":"product_cat-pool-care-equipment","7":"desktop-align-center","8":"tablet-align-left","9":"mobile-align-left","11":"first","12":"instock","13":"taxable","14":"shipping-taxable","15":"purchasable","16":"product-type-simple"},"yoast_head":"<!-- This site is optimized with the Yoast SEO plugin v27.3 - https:\/\/yoast.com\/product\/yoast-seo-wordpress\/ -->\n<title>Maytronics Dolphin Supreme M600 | Robotic pool cleaner | 123SPA<\/title>\n<meta name=\"description\" content=\"Dolphin Supreme M600 pool cleaner - get more free time by entrusting the cleaning of the swimming pool to Maytronics Dolphin cleaning robots.\" \/>\n<meta name=\"robots\" content=\"index, follow, max-snippet:-1, max-image-preview:large, max-video-preview:-1\" \/>\n<link rel=\"canonical\" href=\"https:\/\/123spa.lv\/en\/products\/pool-care-equipment\/cleaning-robot-maytronics-dolphin-supreme-m600\/\" \/>\n<meta property=\"og:locale\" content=\"en_US\" \/>\n<meta property=\"og:type\" content=\"article\" \/>\n<meta property=\"og:title\" content=\"Maytronics Dolphin Supreme M600 | Robotic pool cleaner | 123SPA\" \/>\n<meta property=\"og:description\" content=\"Dolphin Supreme M600 pool cleaner - get more free time by entrusting the cleaning of the swimming pool to Maytronics Dolphin cleaning robots.\" \/>\n<meta property=\"og:url\" content=\"https:\/\/123spa.lv\/en\/products\/pool-care-equipment\/cleaning-robot-maytronics-dolphin-supreme-m600\/\" \/>\n<meta property=\"og:site_name\" content=\"123SPA\" \/>\n<meta property=\"article:publisher\" content=\"https:\/\/www.facebook.com\/profile.php?id=100091927931505\" \/>\n<meta property=\"article:modified_time\" content=\"2024-06-27T13:07:20+00:00\" \/>\n<meta property=\"og:image\" content=\"https:\/\/123spa.lv\/wp-content\/uploads\/2023\/06\/Dolphin_M600.png\" \/>\n\t<meta property=\"og:image:width\" content=\"1500\" \/>\n\t<meta property=\"og:image:height\" content=\"1017\" \/>\n\t<meta property=\"og:image:type\" content=\"image\/png\" \/>\n<script type=\"application\/ld+json\" class=\"yoast-schema-graph\">{\"@context\":\"https:\\\/\\\/schema.org\",\"@graph\":[{\"@type\":\"WebPage\",\"@id\":\"https:\\\/\\\/123spa.lv\\\/en\\\/products\\\/pool-care-equipment\\\/cleaning-robot-maytronics-dolphin-supreme-m600\\\/\",\"url\":\"https:\\\/\\\/123spa.lv\\\/en\\\/products\\\/pool-care-equipment\\\/cleaning-robot-maytronics-dolphin-supreme-m600\\\/\",\"name\":\"Maytronics Dolphin Supreme M600 | Robotic pool cleaner | 123SPA\",\"isPartOf\":{\"@id\":\"https:\\\/\\\/123spa.lv\\\/en\\\/#website\"},\"primaryImageOfPage\":{\"@id\":\"https:\\\/\\\/123spa.lv\\\/en\\\/products\\\/pool-care-equipment\\\/cleaning-robot-maytronics-dolphin-supreme-m600\\\/#primaryimage\"},\"image\":{\"@id\":\"https:\\\/\\\/123spa.lv\\\/en\\\/products\\\/pool-care-equipment\\\/cleaning-robot-maytronics-dolphin-supreme-m600\\\/#primaryimage\"},\"thumbnailUrl\":\"https:\\\/\\\/123spa.lv\\\/wp-content\\\/uploads\\\/2023\\\/06\\\/Dolphin_M600.png\",\"datePublished\":\"2023-06-16T13:40:39+00:00\",\"dateModified\":\"2024-06-27T13:07:20+00:00\",\"description\":\"Dolphin Supreme M600 pool cleaner - get more free time by entrusting the cleaning of the swimming pool to Maytronics Dolphin cleaning robots.\",\"breadcrumb\":{\"@id\":\"https:\\\/\\\/123spa.lv\\\/en\\\/products\\\/pool-care-equipment\\\/cleaning-robot-maytronics-dolphin-supreme-m600\\\/#breadcrumb\"},\"inLanguage\":\"en-US\",\"potentialAction\":[{\"@type\":\"ReadAction\",\"target\":[\"https:\\\/\\\/123spa.lv\\\/en\\\/products\\\/pool-care-equipment\\\/cleaning-robot-maytronics-dolphin-supreme-m600\\\/\"]}]},{\"@type\":\"ImageObject\",\"inLanguage\":\"en-US\",\"@id\":\"https:\\\/\\\/123spa.lv\\\/en\\\/products\\\/pool-care-equipment\\\/cleaning-robot-maytronics-dolphin-supreme-m600\\\/#primaryimage\",\"url\":\"https:\\\/\\\/123spa.lv\\\/wp-content\\\/uploads\\\/2023\\\/06\\\/Dolphin_M600.png\",\"contentUrl\":\"https:\\\/\\\/123spa.lv\\\/wp-content\\\/uploads\\\/2023\\\/06\\\/Dolphin_M600.png\",\"width\":1500,\"height\":1017,\"caption\":\"Dolphin_M600 t\u012br\u012b\u0161anas robots\"},{\"@type\":\"BreadcrumbList\",\"@id\":\"https:\\\/\\\/123spa.lv\\\/en\\\/products\\\/pool-care-equipment\\\/cleaning-robot-maytronics-dolphin-supreme-m600\\\/#breadcrumb\",\"itemListElement\":[{\"@type\":\"ListItem\",\"position\":1,\"name\":\"Pool care products\",\"item\":\"https:\\\/\\\/123spa.lv\\\/en\\\/shop\\\/\"},{\"@type\":\"ListItem\",\"position\":2,\"name\":\"Pool care equipment\",\"item\":\"https:\\\/\\\/123spa.lv\\\/en\\\/produkta-kategorija\\\/pool-care-equipment\\\/\"},{\"@type\":\"ListItem\",\"position\":3,\"name\":\"Cleaning robot Maytronics Dolphin Supreme M600\"}]},{\"@type\":\"WebSite\",\"@id\":\"https:\\\/\\\/123spa.lv\\\/en\\\/#website\",\"url\":\"https:\\\/\\\/123spa.lv\\\/en\\\/\",\"name\":\"123 SPA\",\"description\":\"123 Idejas Tavam SPA!\",\"publisher\":{\"@id\":\"https:\\\/\\\/123spa.lv\\\/en\\\/#organization\"},\"potentialAction\":[{\"@type\":\"SearchAction\",\"target\":{\"@type\":\"EntryPoint\",\"urlTemplate\":\"https:\\\/\\\/123spa.lv\\\/en\\\/?s={search_term_string}\"},\"query-input\":{\"@type\":\"PropertyValueSpecification\",\"valueRequired\":true,\"valueName\":\"search_term_string\"}}],\"inLanguage\":\"en-US\"},{\"@type\":\"Organization\",\"@id\":\"https:\\\/\\\/123spa.lv\\\/en\\\/#organization\",\"name\":\"123 SPA\",\"url\":\"https:\\\/\\\/123spa.lv\\\/en\\\/\",\"logo\":{\"@type\":\"ImageObject\",\"inLanguage\":\"en-US\",\"@id\":\"https:\\\/\\\/123spa.lv\\\/en\\\/#\\\/schema\\\/logo\\\/image\\\/\",\"url\":\"https:\\\/\\\/123spa.lv\\\/wp-content\\\/uploads\\\/2023\\\/04\\\/cropped-image_3.png\",\"contentUrl\":\"https:\\\/\\\/123spa.lv\\\/wp-content\\\/uploads\\\/2023\\\/04\\\/cropped-image_3.png\",\"width\":512,\"height\":512,\"caption\":\"123 SPA\"},\"image\":{\"@id\":\"https:\\\/\\\/123spa.lv\\\/en\\\/#\\\/schema\\\/logo\\\/image\\\/\"},\"sameAs\":[\"https:\\\/\\\/www.facebook.com\\\/profile.php?id=100091927931505\"]}]}<\/script>\n<!-- \/ Yoast SEO plugin. -->","yoast_head_json":{"title":"Maytronics Dolphin Supreme M600 | Robotic pool cleaner | 123SPA","description":"Dolphin Supreme M600 pool cleaner - get more free time by entrusting the cleaning of the swimming pool to Maytronics Dolphin cleaning robots.","robots":{"index":"index","follow":"follow","max-snippet":"max-snippet:-1","max-image-preview":"max-image-preview:large","max-video-preview":"max-video-preview:-1"},"canonical":"https:\/\/123spa.lv\/en\/products\/pool-care-equipment\/cleaning-robot-maytronics-dolphin-supreme-m600\/","og_locale":"en_US","og_type":"article","og_title":"Maytronics Dolphin Supreme M600 | Robotic pool cleaner | 123SPA","og_description":"Dolphin Supreme M600 pool cleaner - get more free time by entrusting the cleaning of the swimming pool to Maytronics Dolphin cleaning robots.","og_url":"https:\/\/123spa.lv\/en\/products\/pool-care-equipment\/cleaning-robot-maytronics-dolphin-supreme-m600\/","og_site_name":"123SPA","article_publisher":"https:\/\/www.facebook.com\/profile.php?id=100091927931505","article_modified_time":"2024-06-27T13:07:20+00:00","og_image":[{"width":1500,"height":1017,"url":"https:\/\/123spa.lv\/wp-content\/uploads\/2023\/06\/Dolphin_M600.png","type":"image\/png"}],"schema":{"@context":"https:\/\/schema.org","@graph":[{"@type":"WebPage","@id":"https:\/\/123spa.lv\/en\/products\/pool-care-equipment\/cleaning-robot-maytronics-dolphin-supreme-m600\/","url":"https:\/\/123spa.lv\/en\/products\/pool-care-equipment\/cleaning-robot-maytronics-dolphin-supreme-m600\/","name":"Maytronics Dolphin Supreme M600 | Robotic pool cleaner | 123SPA","isPartOf":{"@id":"https:\/\/123spa.lv\/en\/#website"},"primaryImageOfPage":{"@id":"https:\/\/123spa.lv\/en\/products\/pool-care-equipment\/cleaning-robot-maytronics-dolphin-supreme-m600\/#primaryimage"},"image":{"@id":"https:\/\/123spa.lv\/en\/products\/pool-care-equipment\/cleaning-robot-maytronics-dolphin-supreme-m600\/#primaryimage"},"thumbnailUrl":"https:\/\/123spa.lv\/wp-content\/uploads\/2023\/06\/Dolphin_M600.png","datePublished":"2023-06-16T13:40:39+00:00","dateModified":"2024-06-27T13:07:20+00:00","description":"Dolphin Supreme M600 pool cleaner - get more free time by entrusting the cleaning of the swimming pool to Maytronics Dolphin cleaning robots.","breadcrumb":{"@id":"https:\/\/123spa.lv\/en\/products\/pool-care-equipment\/cleaning-robot-maytronics-dolphin-supreme-m600\/#breadcrumb"},"inLanguage":"en-US","potentialAction":[{"@type":"ReadAction","target":["https:\/\/123spa.lv\/en\/products\/pool-care-equipment\/cleaning-robot-maytronics-dolphin-supreme-m600\/"]}]},{"@type":"ImageObject","inLanguage":"en-US","@id":"https:\/\/123spa.lv\/en\/products\/pool-care-equipment\/cleaning-robot-maytronics-dolphin-supreme-m600\/#primaryimage","url":"https:\/\/123spa.lv\/wp-content\/uploads\/2023\/06\/Dolphin_M600.png","contentUrl":"https:\/\/123spa.lv\/wp-content\/uploads\/2023\/06\/Dolphin_M600.png","width":1500,"height":1017,"caption":"Dolphin_M600 t\u012br\u012b\u0161anas robots"},{"@type":"BreadcrumbList","@id":"https:\/\/123spa.lv\/en\/products\/pool-care-equipment\/cleaning-robot-maytronics-dolphin-supreme-m600\/#breadcrumb","itemListElement":[{"@type":"ListItem","position":1,"name":"Pool care products","item":"https:\/\/123spa.lv\/en\/shop\/"},{"@type":"ListItem","position":2,"name":"Pool care equipment","item":"https:\/\/123spa.lv\/en\/produkta-kategorija\/pool-care-equipment\/"},{"@type":"ListItem","position":3,"name":"Cleaning robot Maytronics Dolphin Supreme M600"}]},{"@type":"WebSite","@id":"https:\/\/123spa.lv\/en\/#website","url":"https:\/\/123spa.lv\/en\/","name":"123 SPA","description":"123 Idejas Tavam SPA!","publisher":{"@id":"https:\/\/123spa.lv\/en\/#organization"},"potentialAction":[{"@type":"SearchAction","target":{"@type":"EntryPoint","urlTemplate":"https:\/\/123spa.lv\/en\/?s={search_term_string}"},"query-input":{"@type":"PropertyValueSpecification","valueRequired":true,"valueName":"search_term_string"}}],"inLanguage":"en-US"},{"@type":"Organization","@id":"https:\/\/123spa.lv\/en\/#organization","name":"123 SPA","url":"https:\/\/123spa.lv\/en\/","logo":{"@type":"ImageObject","inLanguage":"en-US","@id":"https:\/\/123spa.lv\/en\/#\/schema\/logo\/image\/","url":"https:\/\/123spa.lv\/wp-content\/uploads\/2023\/04\/cropped-image_3.png","contentUrl":"https:\/\/123spa.lv\/wp-content\/uploads\/2023\/04\/cropped-image_3.png","width":512,"height":512,"caption":"123 SPA"},"image":{"@id":"https:\/\/123spa.lv\/en\/#\/schema\/logo\/image\/"},"sameAs":["https:\/\/www.facebook.com\/profile.php?id=100091927931505"]}]}},"_links":{"self":[{"href":"https:\/\/123spa.lv\/en\/wp-json\/wp\/v2\/product\/2474","targetHints":{"allow":["GET"]}}],"collection":[{"href":"https:\/\/123spa.lv\/en\/wp-json\/wp\/v2\/product"}],"about":[{"href":"https:\/\/123spa.lv\/en\/wp-json\/wp\/v2\/types\/product"}],"wp:featuredmedia":[{"embeddable":true,"href":"https:\/\/123spa.lv\/en\/wp-json\/wp\/v2\/media\/2276"}],"wp:attachment":[{"href":"https:\/\/123spa.lv\/en\/wp-json\/wp\/v2\/media?parent=2474"}],"wp:term":[{"taxonomy":"product_brand","embeddable":true,"href":"https:\/\/123spa.lv\/en\/wp-json\/wp\/v2\/product_brand?post=2474"},{"taxonomy":"product_cat","embeddable":true,"href":"https:\/\/123spa.lv\/en\/wp-json\/wp\/v2\/product_cat?post=2474"},{"taxonomy":"product_tag","embeddable":true,"href":"https:\/\/123spa.lv\/en\/wp-json\/wp\/v2\/product_tag?post=2474"}],"curies":[{"name":"wp","href":"https:\/\/api.w.org\/{rel}","templated":true}]}}