{"id":2478,"date":"2023-06-16T16:33:32","date_gmt":"2023-06-16T13:33:32","guid":{"rendered":"https:\/\/123spa.lv\/products\/uncategorized\/pool-cleaning-robot-maytronics-dolphin-s300i\/"},"modified":"2024-06-27T16:21:45","modified_gmt":"2024-06-27T13:21:45","slug":"pool-cleaning-robot-maytronics-dolphin-s300i","status":"publish","type":"product","link":"https:\/\/123spa.lv\/en\/products\/pool-care-equipment\/pool-cleaning-robot-maytronics-dolphin-s300i\/","title":{"rendered":"Pool cleaning robot Maytronics Dolphin S300i"},"content":{"rendered":"<p id=\"tw-target-text\" class=\"tw-data-text tw-text-large XcVN5d tw-ta\" dir=\"ltr\" data-placeholder=\"Tulkojums\"><span class=\"Y2IQFc\" lang=\"lv\">The robot Maytronics Dolphin S300i is a pool cleaning robot with which you can get uncompromising pool cleaning results while enjoying exceptional lightness and freedom. Control your Dolphin S300i via a multi-function power supply or use the MyDolphin app on your smartphone or tablet. A flashing LED indicates active mode.<\/span><\/p>\n<p dir=\"ltr\" data-placeholder=\"Tulkojums\"><span class=\"Y2IQFc\" lang=\"lv\">Dolphin S300i is a smart solution for thorough cleaning of any pool in any conditions. It learns the best way to navigate, intelligently adapting to the shape of the pool and obstacles for maximum performance and efficiency. <\/span><\/p>\n<p dir=\"ltr\" data-placeholder=\"Tulkojums\"><span class=\"Y2IQFc\" lang=\"lv\">Get more free time for yourself by entrusting the cleaning of the swimming pool to Maytronics Dolphin cleaning robots. <\/span><\/p>\n<h4 data-placeholder=\"Tulkojums\">Pool cleaning robot Maytronics Dolphin S300i Specification:<\/h4>\n<p class=\"tw-data-text tw-text-large XcVN5d tw-ta\" dir=\"ltr\" data-placeholder=\"Tulkojums\"><span class=\"Y2IQFc\" lang=\"lv\"><strong>Operating time<\/strong> \u2013 1,5; 2; 2,5 hours<\/span><\/p>\n<p class=\"tw-data-text tw-text-large XcVN5d tw-ta\" dir=\"ltr\" data-placeholder=\"Tulkojums\"><span class=\"Y2IQFc\" lang=\"lv\"><strong>Surface cleaning<\/strong> \u2013 Floor, walls, water line<\/span><\/p>\n<p class=\"tw-data-text tw-text-large XcVN5d tw-ta\" dir=\"ltr\" data-placeholder=\"Tulkojums\"><span class=\"Y2IQFc\" lang=\"lv\"><strong>Filtration<\/strong> \u2013 Two filter basket<\/span><\/p>\n<p class=\"tw-data-text tw-text-large XcVN5d tw-ta\" dir=\"ltr\" data-placeholder=\"Tulkojums\"><span class=\"Y2IQFc\" lang=\"lv\"><strong>Number of brushes \/ from this asset<\/strong> \u2013 2\/1<\/span><\/p>\n<p class=\"tw-data-text tw-text-large XcVN5d tw-ta\" dir=\"ltr\" data-placeholder=\"Tulkojums\"><span class=\"Y2IQFc\" lang=\"lv\"><strong>Cleaning the pool walls<\/strong> \u2013 Yes<\/span><\/p>\n<p class=\"tw-data-text tw-text-large XcVN5d tw-ta\" dir=\"ltr\" data-placeholder=\"Tulkojums\"><span class=\"Y2IQFc\" lang=\"lv\"><strong>Cable length<\/strong> \u2013 18 m<\/span><\/p>\n<p class=\"tw-data-text tw-text-large XcVN5d tw-ta\" dir=\"ltr\" data-placeholder=\"Tulkojums\"><span class=\"Y2IQFc\" lang=\"lv\"><strong>Weight<\/strong> \u2013 9,6 kg<\/span><\/p>\n<p class=\"tw-data-text tw-text-large XcVN5d tw-ta\" dir=\"ltr\" data-placeholder=\"Tulkojums\"><span class=\"Y2IQFc\" lang=\"lv\"><strong>Remote control<\/strong> \u2013 No<\/span><\/p>\n<p dir=\"ltr\" data-placeholder=\"Tulkojums\"><span class=\"Y2IQFc\" lang=\"lv\"><strong>Application<\/strong> \u2013 Yes<\/span><\/p>\n<p class=\"tw-data-text tw-text-large XcVN5d tw-ta\" dir=\"ltr\" data-placeholder=\"Tulkojums\"><span class=\"Y2IQFc\" lang=\"lv\"><strong>Transfer trolley<\/strong> \u2013 Yes<\/span><\/p>\n<p dir=\"ltr\" data-placeholder=\"Tulkojums\"><strong>Made in:<\/strong> Israel<\/p>\n","protected":false},"excerpt":{"rendered":"<p>Dolphin S300i is a smart solution for thorough cleaning of any pool in any conditions. It learns the best way to navigate, intelligently adapting to the shape of the pool and obstacles for maximum performance and efficiency.<\/p>\n","protected":false},"featured_media":2272,"template":"","meta":{"site-sidebar-layout":"default","site-content-layout":"default","ast-site-content-layout":"default","site-content-style":"default","site-sidebar-style":"default","ast-global-header-display":"","ast-banner-title-visibility":"","ast-main-header-display":"","ast-hfb-above-header-display":"","ast-hfb-below-header-display":"","ast-hfb-mobile-header-display":"","site-post-title":"","ast-breadcrumbs-content":"","ast-featured-img":"","footer-sml-layout":"","ast-disable-related-posts":"","theme-transparent-header-meta":"default","adv-header-id-meta":"","stick-header-meta":"","header-above-stick-meta":"","header-main-stick-meta":"","header-below-stick-meta":"","astra-migrate-meta-layouts":"set","ast-page-background-enabled":"default","ast-page-background-meta":{"desktop":{"background-color":"var(--ast-global-color-4)","background-image":"","background-repeat":"repeat","background-position":"center center","background-size":"auto","background-attachment":"scroll","background-type":"","background-media":"","overlay-type":"","overlay-color":"","overlay-opacity":"","overlay-gradient":""},"tablet":{"background-color":"","background-image":"","background-repeat":"repeat","background-position":"center center","background-size":"auto","background-attachment":"scroll","background-type":"","background-media":"","overlay-type":"","overlay-color":"","overlay-opacity":"","overlay-gradient":""},"mobile":{"background-color":"","background-image":"","background-repeat":"repeat","background-position":"center center","background-size":"auto","background-attachment":"scroll","background-type":"","background-media":"","overlay-type":"","overlay-color":"","overlay-opacity":"","overlay-gradient":""}},"ast-content-background-meta":{"desktop":{"background-color":"var(--ast-global-color-5)","background-image":"","background-repeat":"repeat","background-position":"center center","background-size":"auto","background-attachment":"scroll","background-type":"","background-media":"","overlay-type":"","overlay-color":"","overlay-opacity":"","overlay-gradient":""},"tablet":{"background-color":"var(--ast-global-color-5)","background-image":"","background-repeat":"repeat","background-position":"center center","background-size":"auto","background-attachment":"scroll","background-type":"","background-media":"","overlay-type":"","overlay-color":"","overlay-opacity":"","overlay-gradient":""},"mobile":{"background-color":"var(--ast-global-color-5)","background-image":"","background-repeat":"repeat","background-position":"center center","background-size":"auto","background-attachment":"scroll","background-type":"","background-media":"","overlay-type":"","overlay-color":"","overlay-opacity":"","overlay-gradient":""}}},"product_brand":[],"product_cat":[87],"product_tag":[],"class_list":{"0":"post-2478","1":"product","2":"type-product","3":"status-publish","4":"has-post-thumbnail","6":"product_cat-pool-care-equipment","7":"desktop-align-center","8":"tablet-align-left","9":"mobile-align-left","11":"first","12":"instock","13":"taxable","14":"shipping-taxable","15":"purchasable","16":"product-type-simple"},"yoast_head":"<!-- This site is optimized with the Yoast SEO plugin v27.3 - https:\/\/yoast.com\/product\/yoast-seo-wordpress\/ -->\n<title>Maytronics Dolphin S300i | Cleaning robot | 123SPA<\/title>\n<meta name=\"description\" content=\"Maytronics Dolphin S300i cleaning robot makes pool cleaning easier with remote setup and cleaning programs that ensure maximum cleanliness and hygiene.\" \/>\n<meta name=\"robots\" content=\"index, follow, max-snippet:-1, max-image-preview:large, max-video-preview:-1\" \/>\n<link rel=\"canonical\" href=\"https:\/\/123spa.lv\/en\/products\/pool-care-equipment\/pool-cleaning-robot-maytronics-dolphin-s300i\/\" \/>\n<meta property=\"og:locale\" content=\"en_US\" \/>\n<meta property=\"og:type\" content=\"article\" \/>\n<meta property=\"og:title\" content=\"Maytronics Dolphin S300i | Cleaning robot | 123SPA\" \/>\n<meta property=\"og:description\" content=\"Maytronics Dolphin S300i cleaning robot makes pool cleaning easier with remote setup and cleaning programs that ensure maximum cleanliness and hygiene.\" \/>\n<meta property=\"og:url\" content=\"https:\/\/123spa.lv\/en\/products\/pool-care-equipment\/pool-cleaning-robot-maytronics-dolphin-s300i\/\" \/>\n<meta property=\"og:site_name\" content=\"123SPA\" \/>\n<meta property=\"article:publisher\" content=\"https:\/\/www.facebook.com\/profile.php?id=100091927931505\" \/>\n<meta property=\"article:modified_time\" content=\"2024-06-27T13:21:45+00:00\" \/>\n<meta property=\"og:image\" content=\"https:\/\/123spa.lv\/wp-content\/uploads\/2023\/06\/Dolphin-S300i.jpg\" \/>\n\t<meta property=\"og:image:width\" content=\"416\" \/>\n\t<meta property=\"og:image:height\" content=\"300\" \/>\n\t<meta property=\"og:image:type\" content=\"image\/jpeg\" \/>\n<script type=\"application\/ld+json\" class=\"yoast-schema-graph\">{\"@context\":\"https:\\\/\\\/schema.org\",\"@graph\":[{\"@type\":\"WebPage\",\"@id\":\"https:\\\/\\\/123spa.lv\\\/en\\\/products\\\/pool-care-equipment\\\/pool-cleaning-robot-maytronics-dolphin-s300i\\\/\",\"url\":\"https:\\\/\\\/123spa.lv\\\/en\\\/products\\\/pool-care-equipment\\\/pool-cleaning-robot-maytronics-dolphin-s300i\\\/\",\"name\":\"Maytronics Dolphin S300i | Cleaning robot | 123SPA\",\"isPartOf\":{\"@id\":\"https:\\\/\\\/123spa.lv\\\/en\\\/#website\"},\"primaryImageOfPage\":{\"@id\":\"https:\\\/\\\/123spa.lv\\\/en\\\/products\\\/pool-care-equipment\\\/pool-cleaning-robot-maytronics-dolphin-s300i\\\/#primaryimage\"},\"image\":{\"@id\":\"https:\\\/\\\/123spa.lv\\\/en\\\/products\\\/pool-care-equipment\\\/pool-cleaning-robot-maytronics-dolphin-s300i\\\/#primaryimage\"},\"thumbnailUrl\":\"https:\\\/\\\/123spa.lv\\\/wp-content\\\/uploads\\\/2023\\\/06\\\/Dolphin-S300i.jpg\",\"datePublished\":\"2023-06-16T13:33:32+00:00\",\"dateModified\":\"2024-06-27T13:21:45+00:00\",\"description\":\"Maytronics Dolphin S300i cleaning robot makes pool cleaning easier with remote setup and cleaning programs that ensure maximum cleanliness and hygiene.\",\"breadcrumb\":{\"@id\":\"https:\\\/\\\/123spa.lv\\\/en\\\/products\\\/pool-care-equipment\\\/pool-cleaning-robot-maytronics-dolphin-s300i\\\/#breadcrumb\"},\"inLanguage\":\"en-US\",\"potentialAction\":[{\"@type\":\"ReadAction\",\"target\":[\"https:\\\/\\\/123spa.lv\\\/en\\\/products\\\/pool-care-equipment\\\/pool-cleaning-robot-maytronics-dolphin-s300i\\\/\"]}]},{\"@type\":\"ImageObject\",\"inLanguage\":\"en-US\",\"@id\":\"https:\\\/\\\/123spa.lv\\\/en\\\/products\\\/pool-care-equipment\\\/pool-cleaning-robot-maytronics-dolphin-s300i\\\/#primaryimage\",\"url\":\"https:\\\/\\\/123spa.lv\\\/wp-content\\\/uploads\\\/2023\\\/06\\\/Dolphin-S300i.jpg\",\"contentUrl\":\"https:\\\/\\\/123spa.lv\\\/wp-content\\\/uploads\\\/2023\\\/06\\\/Dolphin-S300i.jpg\",\"width\":416,\"height\":300,\"caption\":\"Dolphin-supreme-m400 t\u012br\u012b\u0161anas robots\"},{\"@type\":\"BreadcrumbList\",\"@id\":\"https:\\\/\\\/123spa.lv\\\/en\\\/products\\\/pool-care-equipment\\\/pool-cleaning-robot-maytronics-dolphin-s300i\\\/#breadcrumb\",\"itemListElement\":[{\"@type\":\"ListItem\",\"position\":1,\"name\":\"Pool care products\",\"item\":\"https:\\\/\\\/123spa.lv\\\/en\\\/shop\\\/\"},{\"@type\":\"ListItem\",\"position\":2,\"name\":\"Pool care equipment\",\"item\":\"https:\\\/\\\/123spa.lv\\\/en\\\/produkta-kategorija\\\/pool-care-equipment\\\/\"},{\"@type\":\"ListItem\",\"position\":3,\"name\":\"Pool cleaning robot Maytronics Dolphin S300i\"}]},{\"@type\":\"WebSite\",\"@id\":\"https:\\\/\\\/123spa.lv\\\/en\\\/#website\",\"url\":\"https:\\\/\\\/123spa.lv\\\/en\\\/\",\"name\":\"123 SPA\",\"description\":\"123 Idejas Tavam SPA!\",\"publisher\":{\"@id\":\"https:\\\/\\\/123spa.lv\\\/en\\\/#organization\"},\"potentialAction\":[{\"@type\":\"SearchAction\",\"target\":{\"@type\":\"EntryPoint\",\"urlTemplate\":\"https:\\\/\\\/123spa.lv\\\/en\\\/?s={search_term_string}\"},\"query-input\":{\"@type\":\"PropertyValueSpecification\",\"valueRequired\":true,\"valueName\":\"search_term_string\"}}],\"inLanguage\":\"en-US\"},{\"@type\":\"Organization\",\"@id\":\"https:\\\/\\\/123spa.lv\\\/en\\\/#organization\",\"name\":\"123 SPA\",\"url\":\"https:\\\/\\\/123spa.lv\\\/en\\\/\",\"logo\":{\"@type\":\"ImageObject\",\"inLanguage\":\"en-US\",\"@id\":\"https:\\\/\\\/123spa.lv\\\/en\\\/#\\\/schema\\\/logo\\\/image\\\/\",\"url\":\"https:\\\/\\\/123spa.lv\\\/wp-content\\\/uploads\\\/2023\\\/04\\\/cropped-image_3.png\",\"contentUrl\":\"https:\\\/\\\/123spa.lv\\\/wp-content\\\/uploads\\\/2023\\\/04\\\/cropped-image_3.png\",\"width\":512,\"height\":512,\"caption\":\"123 SPA\"},\"image\":{\"@id\":\"https:\\\/\\\/123spa.lv\\\/en\\\/#\\\/schema\\\/logo\\\/image\\\/\"},\"sameAs\":[\"https:\\\/\\\/www.facebook.com\\\/profile.php?id=100091927931505\"]}]}<\/script>\n<!-- \/ Yoast SEO plugin. -->","yoast_head_json":{"title":"Maytronics Dolphin S300i | Cleaning robot | 123SPA","description":"Maytronics Dolphin S300i cleaning robot makes pool cleaning easier with remote setup and cleaning programs that ensure maximum cleanliness and hygiene.","robots":{"index":"index","follow":"follow","max-snippet":"max-snippet:-1","max-image-preview":"max-image-preview:large","max-video-preview":"max-video-preview:-1"},"canonical":"https:\/\/123spa.lv\/en\/products\/pool-care-equipment\/pool-cleaning-robot-maytronics-dolphin-s300i\/","og_locale":"en_US","og_type":"article","og_title":"Maytronics Dolphin S300i | Cleaning robot | 123SPA","og_description":"Maytronics Dolphin S300i cleaning robot makes pool cleaning easier with remote setup and cleaning programs that ensure maximum cleanliness and hygiene.","og_url":"https:\/\/123spa.lv\/en\/products\/pool-care-equipment\/pool-cleaning-robot-maytronics-dolphin-s300i\/","og_site_name":"123SPA","article_publisher":"https:\/\/www.facebook.com\/profile.php?id=100091927931505","article_modified_time":"2024-06-27T13:21:45+00:00","og_image":[{"width":416,"height":300,"url":"https:\/\/123spa.lv\/wp-content\/uploads\/2023\/06\/Dolphin-S300i.jpg","type":"image\/jpeg"}],"schema":{"@context":"https:\/\/schema.org","@graph":[{"@type":"WebPage","@id":"https:\/\/123spa.lv\/en\/products\/pool-care-equipment\/pool-cleaning-robot-maytronics-dolphin-s300i\/","url":"https:\/\/123spa.lv\/en\/products\/pool-care-equipment\/pool-cleaning-robot-maytronics-dolphin-s300i\/","name":"Maytronics Dolphin S300i | Cleaning robot | 123SPA","isPartOf":{"@id":"https:\/\/123spa.lv\/en\/#website"},"primaryImageOfPage":{"@id":"https:\/\/123spa.lv\/en\/products\/pool-care-equipment\/pool-cleaning-robot-maytronics-dolphin-s300i\/#primaryimage"},"image":{"@id":"https:\/\/123spa.lv\/en\/products\/pool-care-equipment\/pool-cleaning-robot-maytronics-dolphin-s300i\/#primaryimage"},"thumbnailUrl":"https:\/\/123spa.lv\/wp-content\/uploads\/2023\/06\/Dolphin-S300i.jpg","datePublished":"2023-06-16T13:33:32+00:00","dateModified":"2024-06-27T13:21:45+00:00","description":"Maytronics Dolphin S300i cleaning robot makes pool cleaning easier with remote setup and cleaning programs that ensure maximum cleanliness and hygiene.","breadcrumb":{"@id":"https:\/\/123spa.lv\/en\/products\/pool-care-equipment\/pool-cleaning-robot-maytronics-dolphin-s300i\/#breadcrumb"},"inLanguage":"en-US","potentialAction":[{"@type":"ReadAction","target":["https:\/\/123spa.lv\/en\/products\/pool-care-equipment\/pool-cleaning-robot-maytronics-dolphin-s300i\/"]}]},{"@type":"ImageObject","inLanguage":"en-US","@id":"https:\/\/123spa.lv\/en\/products\/pool-care-equipment\/pool-cleaning-robot-maytronics-dolphin-s300i\/#primaryimage","url":"https:\/\/123spa.lv\/wp-content\/uploads\/2023\/06\/Dolphin-S300i.jpg","contentUrl":"https:\/\/123spa.lv\/wp-content\/uploads\/2023\/06\/Dolphin-S300i.jpg","width":416,"height":300,"caption":"Dolphin-supreme-m400 t\u012br\u012b\u0161anas robots"},{"@type":"BreadcrumbList","@id":"https:\/\/123spa.lv\/en\/products\/pool-care-equipment\/pool-cleaning-robot-maytronics-dolphin-s300i\/#breadcrumb","itemListElement":[{"@type":"ListItem","position":1,"name":"Pool care products","item":"https:\/\/123spa.lv\/en\/shop\/"},{"@type":"ListItem","position":2,"name":"Pool care equipment","item":"https:\/\/123spa.lv\/en\/produkta-kategorija\/pool-care-equipment\/"},{"@type":"ListItem","position":3,"name":"Pool cleaning robot Maytronics Dolphin S300i"}]},{"@type":"WebSite","@id":"https:\/\/123spa.lv\/en\/#website","url":"https:\/\/123spa.lv\/en\/","name":"123 SPA","description":"123 Idejas Tavam SPA!","publisher":{"@id":"https:\/\/123spa.lv\/en\/#organization"},"potentialAction":[{"@type":"SearchAction","target":{"@type":"EntryPoint","urlTemplate":"https:\/\/123spa.lv\/en\/?s={search_term_string}"},"query-input":{"@type":"PropertyValueSpecification","valueRequired":true,"valueName":"search_term_string"}}],"inLanguage":"en-US"},{"@type":"Organization","@id":"https:\/\/123spa.lv\/en\/#organization","name":"123 SPA","url":"https:\/\/123spa.lv\/en\/","logo":{"@type":"ImageObject","inLanguage":"en-US","@id":"https:\/\/123spa.lv\/en\/#\/schema\/logo\/image\/","url":"https:\/\/123spa.lv\/wp-content\/uploads\/2023\/04\/cropped-image_3.png","contentUrl":"https:\/\/123spa.lv\/wp-content\/uploads\/2023\/04\/cropped-image_3.png","width":512,"height":512,"caption":"123 SPA"},"image":{"@id":"https:\/\/123spa.lv\/en\/#\/schema\/logo\/image\/"},"sameAs":["https:\/\/www.facebook.com\/profile.php?id=100091927931505"]}]}},"_links":{"self":[{"href":"https:\/\/123spa.lv\/en\/wp-json\/wp\/v2\/product\/2478","targetHints":{"allow":["GET"]}}],"collection":[{"href":"https:\/\/123spa.lv\/en\/wp-json\/wp\/v2\/product"}],"about":[{"href":"https:\/\/123spa.lv\/en\/wp-json\/wp\/v2\/types\/product"}],"wp:featuredmedia":[{"embeddable":true,"href":"https:\/\/123spa.lv\/en\/wp-json\/wp\/v2\/media\/2272"}],"wp:attachment":[{"href":"https:\/\/123spa.lv\/en\/wp-json\/wp\/v2\/media?parent=2478"}],"wp:term":[{"taxonomy":"product_brand","embeddable":true,"href":"https:\/\/123spa.lv\/en\/wp-json\/wp\/v2\/product_brand?post=2478"},{"taxonomy":"product_cat","embeddable":true,"href":"https:\/\/123spa.lv\/en\/wp-json\/wp\/v2\/product_cat?post=2478"},{"taxonomy":"product_tag","embeddable":true,"href":"https:\/\/123spa.lv\/en\/wp-json\/wp\/v2\/product_tag?post=2478"}],"curies":[{"name":"wp","href":"https:\/\/api.w.org\/{rel}","templated":true}]}}