{"id":2774,"date":"2021-08-20T11:50:58","date_gmt":"2021-08-20T11:50:58","guid":{"rendered":"https:\/\/123spa.lv\/products\/uncategorized\/bayrol-ph-minus\/"},"modified":"2026-04-06T15:35:14","modified_gmt":"2026-04-06T12:35:14","slug":"ph-minus-2","status":"publish","type":"product","link":"https:\/\/123spa.lv\/ru\/products\/sredstva-po-uhodu-za-basseinom-ru\/ph-minus-2\/","title":{"rendered":"Bayrol PH-Minus"},"content":{"rendered":"<p><strong>pH-M\u012bnus<\/strong> granulas pazemina \u016bdens pH v\u0113rt\u012bbu un tiek doz\u0113tas tie\u0161i \u016bden\u012b, ja pH v\u0113rt\u012bba ir p\u0101r\u0101k augsta (virs 7,4).<br \/>\nPirms lieto\u0161anas vienm\u0113r izlasiet lieto\u0161anas instrukciju uz iepakojuma.<\/p>\n<p><strong>pH-Minus<\/strong> ir granul\u0113ts n\u0101trija bisulf\u0101ta pulveris, kas neizraisa du\u013c\u0137ain\u012bbu. Tas darbojas efekt\u012bvi ar p\u0101r\u0101k augst\u0101m pH v\u0113rt\u012bb\u0101m un \u013cauj \u0101tri sasniegt ide\u0101lo pH v\u0113rt\u012bbu (no 7.0 l\u012bdz 7.4). <\/p>\n<p><strong>pH-Minus<\/strong> ir savietojams ar vis\u0101m dezinfekcijas metod\u0113m (hlors, broms, akt\u012bvais sk\u0101beklis) un visu veidu filtriem (smil\u0161u un stikla filtri, k\u0101rtrid\u017eu filtri&#8230;) un vis\u0101m baseinu virsm\u0101m (\u010daulas, fl\u012bzes, sil\u012bcija marmora oder\u0113jums, poliesters).<br \/>\nPateicoties pievienotajam doz\u0113\u0161anas kausam, granulu doz\u0113\u0161ana ir \u013coti vienk\u0101r\u0161a un var prec\u012bzi noregul\u0113t pareizo pH v\u0113rt\u012bbu.<\/p>\n","protected":false},"excerpt":{"rendered":"<p><strong>pH-M\u012bnus<\/strong> granulas pazemina \u016bdens pH v\u0113rt\u012bbu un tiek doz\u0113tas tie\u0161i \u016bden\u012b, ja pH v\u0113rt\u012bba ir p\u0101r\u0101k augsta (virs 7,4).<br \/>\nPirms lieto\u0161anas vienm\u0113r izlasiet lieto\u0161anas instrukciju uz iepakojuma.<\/p>\n","protected":false},"featured_media":6124,"template":"","meta":{"site-sidebar-layout":"default","site-content-layout":"content-boxed-container","ast-site-content-layout":"normal-width-container","site-content-style":"boxed","site-sidebar-style":"unboxed","ast-global-header-display":"","ast-banner-title-visibility":"","ast-main-header-display":"","ast-hfb-above-header-display":"","ast-hfb-below-header-display":"","ast-hfb-mobile-header-display":"","site-post-title":"","ast-breadcrumbs-content":"","ast-featured-img":"","footer-sml-layout":"","ast-disable-related-posts":"","theme-transparent-header-meta":"default","adv-header-id-meta":"","stick-header-meta":"","header-above-stick-meta":"","header-main-stick-meta":"","header-below-stick-meta":"","astra-migrate-meta-layouts":"set","ast-page-background-enabled":"default","ast-page-background-meta":{"desktop":{"background-color":"var(--ast-global-color-4)","background-image":"","background-repeat":"repeat","background-position":"center center","background-size":"auto","background-attachment":"scroll","background-type":"","background-media":"","overlay-type":"","overlay-color":"","overlay-opacity":"","overlay-gradient":""},"tablet":{"background-color":"","background-image":"","background-repeat":"repeat","background-position":"center center","background-size":"auto","background-attachment":"scroll","background-type":"","background-media":"","overlay-type":"","overlay-color":"","overlay-opacity":"","overlay-gradient":""},"mobile":{"background-color":"","background-image":"","background-repeat":"repeat","background-position":"center center","background-size":"auto","background-attachment":"scroll","background-type":"","background-media":"","overlay-type":"","overlay-color":"","overlay-opacity":"","overlay-gradient":""}},"ast-content-background-meta":{"desktop":{"background-color":"var(--ast-global-color-5)","background-image":"","background-repeat":"repeat","background-position":"center center","background-size":"auto","background-attachment":"scroll","background-type":"","background-media":"","overlay-type":"","overlay-color":"","overlay-opacity":"","overlay-gradient":""},"tablet":{"background-color":"var(--ast-global-color-5)","background-image":"","background-repeat":"repeat","background-position":"center center","background-size":"auto","background-attachment":"scroll","background-type":"","background-media":"","overlay-type":"","overlay-color":"","overlay-opacity":"","overlay-gradient":""},"mobile":{"background-color":"var(--ast-global-color-5)","background-image":"","background-repeat":"repeat","background-position":"center center","background-size":"auto","background-attachment":"scroll","background-type":"","background-media":"","overlay-type":"","overlay-color":"","overlay-opacity":"","overlay-gradient":""}}},"product_brand":[],"product_cat":[97],"product_tag":[],"class_list":{"0":"post-2774","1":"product","2":"type-product","3":"status-publish","4":"has-post-thumbnail","6":"product_cat-sredstva-po-uhodu-za-basseinom-ru","7":"desktop-align-center","8":"tablet-align-left","9":"mobile-align-left","11":"first","12":"instock","13":"taxable","14":"shipping-taxable","15":"purchasable","16":"product-type-variable","17":"has-default-attributes"},"yoast_head":"<!-- This site is optimized with the Yoast SEO plugin v27.3 - https:\/\/yoast.com\/product\/yoast-seo-wordpress\/ -->\n<title>Bayrol PH-Minus | Baseina \u016bdens pH pazemin\u0101\u0161ana | 123SPA<\/title>\n<meta name=\"description\" content=\"pH-M\u012bnus granulas pazemina \u016bdens pH v\u0113rt\u012bbu un tiek doz\u0113tas tie\u0161i \u016bden\u012b, ja pH v\u0113rt\u012bba ir p\u0101r\u0101k augsta. \u013bauj \u0101tri sasniegt ide\u0101lo pH v\u0113rt\u012bbu.\" \/>\n<meta name=\"robots\" content=\"index, follow, max-snippet:-1, max-image-preview:large, max-video-preview:-1\" \/>\n<link rel=\"canonical\" href=\"https:\/\/123spa.lv\/ru\/products\/sredstva-po-uhodu-za-basseinom-ru\/ph-minus-2\/\" \/>\n<meta property=\"og:locale\" content=\"ru_RU\" \/>\n<meta property=\"og:type\" content=\"article\" \/>\n<meta property=\"og:title\" content=\"Bayrol PH-Minus | Baseina \u016bdens pH pazemin\u0101\u0161ana | 123SPA\" \/>\n<meta property=\"og:description\" content=\"pH-M\u012bnus granulas pazemina \u016bdens pH v\u0113rt\u012bbu un tiek doz\u0113tas tie\u0161i \u016bden\u012b, ja pH v\u0113rt\u012bba ir p\u0101r\u0101k augsta. \u013bauj \u0101tri sasniegt ide\u0101lo pH v\u0113rt\u012bbu.\" \/>\n<meta property=\"og:url\" content=\"https:\/\/123spa.lv\/ru\/products\/sredstva-po-uhodu-za-basseinom-ru\/ph-minus-2\/\" \/>\n<meta property=\"og:site_name\" content=\"123SPA\" \/>\n<meta property=\"article:publisher\" content=\"https:\/\/www.facebook.com\/profile.php?id=100091927931505\" \/>\n<meta property=\"article:modified_time\" content=\"2026-04-06T12:35:14+00:00\" \/>\n<meta property=\"og:image\" content=\"https:\/\/123spa.lv\/wp-content\/uploads\/2025\/02\/ph-minus-1-5-kg.webp\" \/>\n\t<meta property=\"og:image:width\" content=\"500\" \/>\n\t<meta property=\"og:image:height\" content=\"500\" \/>\n\t<meta property=\"og:image:type\" content=\"image\/webp\" \/>\n<script type=\"application\/ld+json\" class=\"yoast-schema-graph\">{\"@context\":\"https:\\\/\\\/schema.org\",\"@graph\":[{\"@type\":\"WebPage\",\"@id\":\"https:\\\/\\\/123spa.lv\\\/ru\\\/products\\\/sredstva-po-uhodu-za-basseinom-ru\\\/ph-minus-2\\\/\",\"url\":\"https:\\\/\\\/123spa.lv\\\/ru\\\/products\\\/sredstva-po-uhodu-za-basseinom-ru\\\/ph-minus-2\\\/\",\"name\":\"Bayrol PH-Minus | Baseina \u016bdens pH pazemin\u0101\u0161ana | 123SPA\",\"isPartOf\":{\"@id\":\"https:\\\/\\\/123spa.lv\\\/ru\\\/#website\"},\"primaryImageOfPage\":{\"@id\":\"https:\\\/\\\/123spa.lv\\\/ru\\\/products\\\/sredstva-po-uhodu-za-basseinom-ru\\\/ph-minus-2\\\/#primaryimage\"},\"image\":{\"@id\":\"https:\\\/\\\/123spa.lv\\\/ru\\\/products\\\/sredstva-po-uhodu-za-basseinom-ru\\\/ph-minus-2\\\/#primaryimage\"},\"thumbnailUrl\":\"https:\\\/\\\/123spa.lv\\\/wp-content\\\/uploads\\\/2025\\\/02\\\/ph-minus-1-5-kg.webp\",\"datePublished\":\"2021-08-20T11:50:58+00:00\",\"dateModified\":\"2026-04-06T12:35:14+00:00\",\"description\":\"pH-M\u012bnus granulas pazemina \u016bdens pH v\u0113rt\u012bbu un tiek doz\u0113tas tie\u0161i \u016bden\u012b, ja pH v\u0113rt\u012bba ir p\u0101r\u0101k augsta. \u013bauj \u0101tri sasniegt ide\u0101lo pH v\u0113rt\u012bbu.\",\"breadcrumb\":{\"@id\":\"https:\\\/\\\/123spa.lv\\\/ru\\\/products\\\/sredstva-po-uhodu-za-basseinom-ru\\\/ph-minus-2\\\/#breadcrumb\"},\"inLanguage\":\"ru-RU\",\"potentialAction\":[{\"@type\":\"ReadAction\",\"target\":[\"https:\\\/\\\/123spa.lv\\\/ru\\\/products\\\/sredstva-po-uhodu-za-basseinom-ru\\\/ph-minus-2\\\/\"]}]},{\"@type\":\"ImageObject\",\"inLanguage\":\"ru-RU\",\"@id\":\"https:\\\/\\\/123spa.lv\\\/ru\\\/products\\\/sredstva-po-uhodu-za-basseinom-ru\\\/ph-minus-2\\\/#primaryimage\",\"url\":\"https:\\\/\\\/123spa.lv\\\/wp-content\\\/uploads\\\/2025\\\/02\\\/ph-minus-1-5-kg.webp\",\"contentUrl\":\"https:\\\/\\\/123spa.lv\\\/wp-content\\\/uploads\\\/2025\\\/02\\\/ph-minus-1-5-kg.webp\",\"width\":500,\"height\":500},{\"@type\":\"BreadcrumbList\",\"@id\":\"https:\\\/\\\/123spa.lv\\\/ru\\\/products\\\/sredstva-po-uhodu-za-basseinom-ru\\\/ph-minus-2\\\/#breadcrumb\",\"itemListElement\":[{\"@type\":\"ListItem\",\"position\":1,\"name\":\"C\u0440\u0435\u0434\u0441\u0442\u0432\u0430 \u043f\u043e \u0443\u0445\u043e\u0434\u0443 \u0437\u0430 \u0431\u0430\u0441\u0441\u0435\u0439\u043d\u043e\u043c\",\"item\":\"https:\\\/\\\/123spa.lv\\\/ru\\\/magazin\\\/\"},{\"@type\":\"ListItem\",\"position\":2,\"name\":\"\u0421\u0440\u0435\u0434\u0441\u0442\u0432\u0430 \u043f\u043e \u0443\u0445\u043e\u0434\u0443 \u0437\u0430 \u0431\u0430\u0441\u0441\u0435\u0439\u043d\u043e\u043c\",\"item\":\"https:\\\/\\\/123spa.lv\\\/ru\\\/produkta-kategorija\\\/sredstva-po-uhodu-za-basseinom-ru\\\/\"},{\"@type\":\"ListItem\",\"position\":3,\"name\":\"Bayrol PH-Minus\"}]},{\"@type\":\"WebSite\",\"@id\":\"https:\\\/\\\/123spa.lv\\\/ru\\\/#website\",\"url\":\"https:\\\/\\\/123spa.lv\\\/ru\\\/\",\"name\":\"123 SPA\",\"description\":\"123 Idejas Tavam SPA!\",\"publisher\":{\"@id\":\"https:\\\/\\\/123spa.lv\\\/ru\\\/#organization\"},\"potentialAction\":[{\"@type\":\"SearchAction\",\"target\":{\"@type\":\"EntryPoint\",\"urlTemplate\":\"https:\\\/\\\/123spa.lv\\\/ru\\\/?s={search_term_string}\"},\"query-input\":{\"@type\":\"PropertyValueSpecification\",\"valueRequired\":true,\"valueName\":\"search_term_string\"}}],\"inLanguage\":\"ru-RU\"},{\"@type\":\"Organization\",\"@id\":\"https:\\\/\\\/123spa.lv\\\/ru\\\/#organization\",\"name\":\"123 SPA\",\"url\":\"https:\\\/\\\/123spa.lv\\\/ru\\\/\",\"logo\":{\"@type\":\"ImageObject\",\"inLanguage\":\"ru-RU\",\"@id\":\"https:\\\/\\\/123spa.lv\\\/ru\\\/#\\\/schema\\\/logo\\\/image\\\/\",\"url\":\"https:\\\/\\\/123spa.lv\\\/wp-content\\\/uploads\\\/2023\\\/04\\\/cropped-image_3.png\",\"contentUrl\":\"https:\\\/\\\/123spa.lv\\\/wp-content\\\/uploads\\\/2023\\\/04\\\/cropped-image_3.png\",\"width\":512,\"height\":512,\"caption\":\"123 SPA\"},\"image\":{\"@id\":\"https:\\\/\\\/123spa.lv\\\/ru\\\/#\\\/schema\\\/logo\\\/image\\\/\"},\"sameAs\":[\"https:\\\/\\\/www.facebook.com\\\/profile.php?id=100091927931505\"]}]}<\/script>\n<!-- \/ Yoast SEO plugin. -->","yoast_head_json":{"title":"Bayrol PH-Minus | Baseina \u016bdens pH pazemin\u0101\u0161ana | 123SPA","description":"pH-M\u012bnus granulas pazemina \u016bdens pH v\u0113rt\u012bbu un tiek doz\u0113tas tie\u0161i \u016bden\u012b, ja pH v\u0113rt\u012bba ir p\u0101r\u0101k augsta. \u013bauj \u0101tri sasniegt ide\u0101lo pH v\u0113rt\u012bbu.","robots":{"index":"index","follow":"follow","max-snippet":"max-snippet:-1","max-image-preview":"max-image-preview:large","max-video-preview":"max-video-preview:-1"},"canonical":"https:\/\/123spa.lv\/ru\/products\/sredstva-po-uhodu-za-basseinom-ru\/ph-minus-2\/","og_locale":"ru_RU","og_type":"article","og_title":"Bayrol PH-Minus | Baseina \u016bdens pH pazemin\u0101\u0161ana | 123SPA","og_description":"pH-M\u012bnus granulas pazemina \u016bdens pH v\u0113rt\u012bbu un tiek doz\u0113tas tie\u0161i \u016bden\u012b, ja pH v\u0113rt\u012bba ir p\u0101r\u0101k augsta. \u013bauj \u0101tri sasniegt ide\u0101lo pH v\u0113rt\u012bbu.","og_url":"https:\/\/123spa.lv\/ru\/products\/sredstva-po-uhodu-za-basseinom-ru\/ph-minus-2\/","og_site_name":"123SPA","article_publisher":"https:\/\/www.facebook.com\/profile.php?id=100091927931505","article_modified_time":"2026-04-06T12:35:14+00:00","og_image":[{"width":500,"height":500,"url":"https:\/\/123spa.lv\/wp-content\/uploads\/2025\/02\/ph-minus-1-5-kg.webp","type":"image\/webp"}],"schema":{"@context":"https:\/\/schema.org","@graph":[{"@type":"WebPage","@id":"https:\/\/123spa.lv\/ru\/products\/sredstva-po-uhodu-za-basseinom-ru\/ph-minus-2\/","url":"https:\/\/123spa.lv\/ru\/products\/sredstva-po-uhodu-za-basseinom-ru\/ph-minus-2\/","name":"Bayrol PH-Minus | Baseina \u016bdens pH pazemin\u0101\u0161ana | 123SPA","isPartOf":{"@id":"https:\/\/123spa.lv\/ru\/#website"},"primaryImageOfPage":{"@id":"https:\/\/123spa.lv\/ru\/products\/sredstva-po-uhodu-za-basseinom-ru\/ph-minus-2\/#primaryimage"},"image":{"@id":"https:\/\/123spa.lv\/ru\/products\/sredstva-po-uhodu-za-basseinom-ru\/ph-minus-2\/#primaryimage"},"thumbnailUrl":"https:\/\/123spa.lv\/wp-content\/uploads\/2025\/02\/ph-minus-1-5-kg.webp","datePublished":"2021-08-20T11:50:58+00:00","dateModified":"2026-04-06T12:35:14+00:00","description":"pH-M\u012bnus granulas pazemina \u016bdens pH v\u0113rt\u012bbu un tiek doz\u0113tas tie\u0161i \u016bden\u012b, ja pH v\u0113rt\u012bba ir p\u0101r\u0101k augsta. \u013bauj \u0101tri sasniegt ide\u0101lo pH v\u0113rt\u012bbu.","breadcrumb":{"@id":"https:\/\/123spa.lv\/ru\/products\/sredstva-po-uhodu-za-basseinom-ru\/ph-minus-2\/#breadcrumb"},"inLanguage":"ru-RU","potentialAction":[{"@type":"ReadAction","target":["https:\/\/123spa.lv\/ru\/products\/sredstva-po-uhodu-za-basseinom-ru\/ph-minus-2\/"]}]},{"@type":"ImageObject","inLanguage":"ru-RU","@id":"https:\/\/123spa.lv\/ru\/products\/sredstva-po-uhodu-za-basseinom-ru\/ph-minus-2\/#primaryimage","url":"https:\/\/123spa.lv\/wp-content\/uploads\/2025\/02\/ph-minus-1-5-kg.webp","contentUrl":"https:\/\/123spa.lv\/wp-content\/uploads\/2025\/02\/ph-minus-1-5-kg.webp","width":500,"height":500},{"@type":"BreadcrumbList","@id":"https:\/\/123spa.lv\/ru\/products\/sredstva-po-uhodu-za-basseinom-ru\/ph-minus-2\/#breadcrumb","itemListElement":[{"@type":"ListItem","position":1,"name":"C\u0440\u0435\u0434\u0441\u0442\u0432\u0430 \u043f\u043e \u0443\u0445\u043e\u0434\u0443 \u0437\u0430 \u0431\u0430\u0441\u0441\u0435\u0439\u043d\u043e\u043c","item":"https:\/\/123spa.lv\/ru\/magazin\/"},{"@type":"ListItem","position":2,"name":"\u0421\u0440\u0435\u0434\u0441\u0442\u0432\u0430 \u043f\u043e \u0443\u0445\u043e\u0434\u0443 \u0437\u0430 \u0431\u0430\u0441\u0441\u0435\u0439\u043d\u043e\u043c","item":"https:\/\/123spa.lv\/ru\/produkta-kategorija\/sredstva-po-uhodu-za-basseinom-ru\/"},{"@type":"ListItem","position":3,"name":"Bayrol PH-Minus"}]},{"@type":"WebSite","@id":"https:\/\/123spa.lv\/ru\/#website","url":"https:\/\/123spa.lv\/ru\/","name":"123 SPA","description":"123 Idejas Tavam SPA!","publisher":{"@id":"https:\/\/123spa.lv\/ru\/#organization"},"potentialAction":[{"@type":"SearchAction","target":{"@type":"EntryPoint","urlTemplate":"https:\/\/123spa.lv\/ru\/?s={search_term_string}"},"query-input":{"@type":"PropertyValueSpecification","valueRequired":true,"valueName":"search_term_string"}}],"inLanguage":"ru-RU"},{"@type":"Organization","@id":"https:\/\/123spa.lv\/ru\/#organization","name":"123 SPA","url":"https:\/\/123spa.lv\/ru\/","logo":{"@type":"ImageObject","inLanguage":"ru-RU","@id":"https:\/\/123spa.lv\/ru\/#\/schema\/logo\/image\/","url":"https:\/\/123spa.lv\/wp-content\/uploads\/2023\/04\/cropped-image_3.png","contentUrl":"https:\/\/123spa.lv\/wp-content\/uploads\/2023\/04\/cropped-image_3.png","width":512,"height":512,"caption":"123 SPA"},"image":{"@id":"https:\/\/123spa.lv\/ru\/#\/schema\/logo\/image\/"},"sameAs":["https:\/\/www.facebook.com\/profile.php?id=100091927931505"]}]}},"_links":{"self":[{"href":"https:\/\/123spa.lv\/ru\/wp-json\/wp\/v2\/product\/2774","targetHints":{"allow":["GET"]}}],"collection":[{"href":"https:\/\/123spa.lv\/ru\/wp-json\/wp\/v2\/product"}],"about":[{"href":"https:\/\/123spa.lv\/ru\/wp-json\/wp\/v2\/types\/product"}],"wp:featuredmedia":[{"embeddable":true,"href":"https:\/\/123spa.lv\/ru\/wp-json\/wp\/v2\/media\/6124"}],"wp:attachment":[{"href":"https:\/\/123spa.lv\/ru\/wp-json\/wp\/v2\/media?parent=2774"}],"wp:term":[{"taxonomy":"product_brand","embeddable":true,"href":"https:\/\/123spa.lv\/ru\/wp-json\/wp\/v2\/product_brand?post=2774"},{"taxonomy":"product_cat","embeddable":true,"href":"https:\/\/123spa.lv\/ru\/wp-json\/wp\/v2\/product_cat?post=2774"},{"taxonomy":"product_tag","embeddable":true,"href":"https:\/\/123spa.lv\/ru\/wp-json\/wp\/v2\/product_tag?post=2774"}],"curies":[{"name":"wp","href":"https:\/\/api.w.org\/{rel}","templated":true}]}}