{"id":3635,"date":"2024-05-02T16:48:04","date_gmt":"2024-05-02T13:48:04","guid":{"rendered":"https:\/\/123spa.lv\/?post_type=product&#038;p=3635"},"modified":"2024-08-10T15:17:57","modified_gmt":"2024-08-10T12:17:57","slug":"robot-pilesos-maytronic-dolphin-e10","status":"publish","type":"product","link":"https:\/\/123spa.lv\/ru\/products\/inventar-po-uhodu-za-basseinom\/robot-pilesos-maytronic-dolphin-e10\/","title":{"rendered":"\u0420\u043e\u0431\u043e\u0442-\u043f\u044b\u043b\u0435\u0441\u043e\u0441 Maytronics Dolphin E10"},"content":{"rendered":"<p><strong>\u0420\u043e\u0431\u043e\u0442-\u043f\u044b\u043b\u0435\u0441\u043e\u0441 Maytronics Dolphin<\/strong> E10 \u2014 \u043b\u0435\u0433\u043a\u0438\u0439 \u0438 \u043a\u043e\u043c\u043f\u0430\u043a\u0442\u043d\u044b\u0439 \u0440\u043e\u0431\u043e\u0442 \u0434\u043b\u044f \u0447\u0438\u0441\u0442\u043a\u0438 \u0431\u0430\u0441\u0441\u0435\u0439\u043d\u0430, \u043a\u043e\u0442\u043e\u0440\u044b\u0439 \u043f\u0440\u043e\u0444\u0435\u0441\u0441\u0438\u043e\u043d\u0430\u043b\u044c\u043d\u043e \u043e\u0447\u0438\u0449\u0430\u0435\u0442 \u0434\u043d\u043e \u0438 \u0441\u0442\u0435\u043d\u043a\u0438 \u0431\u0430\u0441\u0441\u0435\u0439\u043d\u0430 \u0442\u043e\u043b\u0449\u0438\u043d\u043e\u0439 \u0434\u043e 40 \u0441\u043c. \u0411\u043b\u0430\u0433\u043e\u0434\u0430\u0440\u044f \u0431\u044b\u0441\u0442\u0440\u043e\u043c\u0443 \u0441\u043b\u0438\u0432\u0443 \u0432\u043e\u0434\u044b \u0438 \u043f\u0440\u043e\u0441\u0442\u043e\u0439 \u0432 \u0438\u0441\u043f\u043e\u043b\u044c\u0437\u043e\u0432\u0430\u043d\u0438\u0438 \u0441\u0438\u0441\u0442\u0435\u043c\u0435 \u0444\u0438\u043b\u044c\u0442\u0440\u0430\u0446\u0438\u0438 \u0441 \u0432\u0435\u0440\u0445\u043d\u0438\u043c \u0434\u043e\u0441\u0442\u0443\u043f\u043e\u043c \u0432\u044b \u043e\u0431\u043d\u0430\u0440\u0443\u0436\u0438\u0442\u0435, \u0447\u0442\u043e E10 \u044f\u0432\u043b\u044f\u0435\u0442\u0441\u044f \u043f\u0440\u043e\u0441\u0442\u044b\u043c \u0440\u0435\u0448\u0435\u043d\u0438\u0435\u043c \u0434\u043b\u044f \u043e\u0447\u0438\u0441\u0442\u043a\u0438 \u0432\u0430\u0448\u0435\u0433\u043e \u0431\u0430\u0441\u0441\u0435\u0439\u043d\u0430.<\/p>\n<p><strong>\u041f\u043e\u043b\u0443\u0447\u0438\u0442\u0435 \u0431\u043e\u043b\u044c\u0448\u0435 \u0441\u0432\u043e\u0431\u043e\u0434\u043d\u043e\u0433\u043e \u0432\u0440\u0435\u043c\u0435\u043d\u0438 \u0434\u043b\u044f \u0441\u0435\u0431\u044f, \u0434\u043e\u0432\u0435\u0440\u0438\u0432 \u0443\u0431\u043e\u0440\u043a\u0443 \u0431\u0430\u0441\u0441\u0435\u0439\u043d\u0430 \u0440\u043e\u0431\u043e\u0442\u0430\u043c-\u043f\u044b\u043b\u0435\u0441\u043e\u0441\u0430\u043c Maytronics Dolphin.<\/strong><\/p>\n<p><span style=\"text-decoration: underline;\"><strong>\u0421\u043f\u0435\u0446\u0438\u0444\u0438\u043a\u0430\u0446\u0438\u044f:<\/strong><\/span><\/p>\n<p><strong>\u0412\u0440\u0435\u043c\u044f \u0441\u043b\u0443\u0436\u0431\u044b<\/strong> \u2013 1,5 \u0447\u0430\u0441\u0430<\/p>\n<p><strong>\u041e\u0442\u0447\u0438\u0441\u0442\u043a\u0430 \u043f\u043e\u0432\u0435\u0440\u0445\u043d\u043e\u0441\u0442\u0435\u0439<\/strong> \u2013 \u041f\u043e\u043b, \u0441\u0442\u0435\u043d\u044b \u0434\u043e 40 \u0441\u043c.<\/p>\n<p><strong>\u0424\u0438\u043b\u044c\u0442\u0440\u0430\u0446\u0438\u044f<\/strong> \u2013 \u041b\u0435\u0433\u043a\u043e \u043e\u0447\u0438\u0449\u0430\u0435\u043c\u044b\u0439 \u0441\u0435\u0442\u0447\u0430\u0442\u044b\u0439 \u0440\u0435\u0437\u0435\u0440\u0432\u0443\u0430\u0440<\/p>\n<p><strong>\u041a\u043e\u043b-\u0432\u043e \u0441\u0447\u0435\u0442\u043e\u043a \/ \u0438\u0437 \u043a\u043e\u0442\u043e\u0440\u044b\u0445 \u0430\u043a\u0442\u0438\u0432\u043d\u0430\u044f<\/strong> \u2013 1 \/1<\/p>\n<p><strong>\u041e\u0447\u0438\u0441\u0442\u043a\u0430 \u0441\u0442\u0435\u043d\u043e\u043a \u0431\u0430\u0441\u0441\u0435\u0439\u043d\u0430<\/strong> \u2013 \u0414\u0430, \u0434\u043e 40 \u0441\u043c.<\/p>\n<p><strong>\u0414\u043b\u0438\u043d\u043d\u0430 \u043a\u0430\u0431\u0435\u043b\u044f<\/strong> \u2013 12 \u043c<\/p>\n<p><strong>\u0412\u0435\u0441<\/strong> \u2013 6,6 \u043a\u0433<\/p>\n<p><strong>\u041f\u0414\u0423<\/strong> \u2013 \u041d\u0435\u0442<\/p>\n<p><strong>\u041f\u0440\u0438\u043b\u043e\u0436\u0435\u043d\u0438\u0435<\/strong> \u2013 \u041d\u0435\u0442<\/p>\n<p><strong>\u0422\u0440\u0430\u043d\u0441\u043f\u043e\u0440\u0442\u043d\u0430\u044f \u0442\u0435\u043b\u0435\u0436\u043a\u0430<\/strong> \u2013 \u041d\u0435\u0442<\/p>\n<p><strong>\u041f\u0440\u043e\u0438\u0437\u0432\u043e\u0434\u0441\u0442\u0432\u043e<\/strong>: \u0418\u0437\u0440\u0430\u0438\u043b\u044c<\/p>\n","protected":false},"excerpt":{"rendered":"<p><strong>Dolphin E10<\/strong> \u2014 \u043b\u0435\u0433\u043a\u0438\u0439 \u0438 \u043a\u043e\u043c\u043f\u0430\u043a\u0442\u043d\u044b\u0439 \u0440\u043e\u0431\u043e\u0442 \u0434\u043b\u044f \u0447\u0438\u0441\u0442\u043a\u0438 \u0431\u0430\u0441\u0441\u0435\u0439\u043d\u0430, \u043a\u043e\u0442\u043e\u0440\u044b\u0439 \u043f\u0440\u043e\u0444\u0435\u0441\u0441\u0438\u043e\u043d\u0430\u043b\u044c\u043d\u043e \u043e\u0447\u0438\u0449\u0430\u0435\u0442 \u0434\u043d\u043e \u0431\u0430\u0441\u0441\u0435\u0439\u043d\u0430. \u0411\u043b\u0430\u0433\u043e\u0434\u0430\u0440\u044f \u0431\u044b\u0441\u0442\u0440\u043e\u043c\u0443 \u0441\u043b\u0438\u0432\u0443 \u0432\u043e\u0434\u044b \u0438 \u043f\u0440\u043e\u0441\u0442\u043e\u0439 \u0432 \u0438\u0441\u043f\u043e\u043b\u044c\u0437\u043e\u0432\u0430\u043d\u0438\u0438 \u0441\u0438\u0441\u0442\u0435\u043c\u0435 \u0444\u0438\u043b\u044c\u0442\u0440\u0430\u0446\u0438\u0438 \u0441 \u0432\u0435\u0440\u0445\u043d\u0438\u043c \u0434\u043e\u0441\u0442\u0443\u043f\u043e\u043c \u0432\u044b \u043e\u0431\u043d\u0430\u0440\u0443\u0436\u0438\u0442\u0435, \u0447\u0442\u043e E10 \u044f\u0432\u043b\u044f\u0435\u0442\u0441\u044f \u043f\u0440\u043e\u0441\u0442\u044b\u043c \u0440\u0435\u0448\u0435\u043d\u0438\u0435\u043c \u0434\u043b\u044f \u043e\u0447\u0438\u0441\u0442\u043a\u0438 \u0432\u0430\u0448\u0435\u0433\u043e \u0431\u0430\u0441\u0441\u0435\u0439\u043d\u0430.<\/p>\n","protected":false},"featured_media":3638,"template":"","meta":{"site-sidebar-layout":"default","site-content-layout":"default","ast-site-content-layout":"default","site-content-style":"default","site-sidebar-style":"default","ast-global-header-display":"","ast-banner-title-visibility":"","ast-main-header-display":"","ast-hfb-above-header-display":"","ast-hfb-below-header-display":"","ast-hfb-mobile-header-display":"","site-post-title":"","ast-breadcrumbs-content":"","ast-featured-img":"","footer-sml-layout":"","ast-disable-related-posts":"","theme-transparent-header-meta":"default","adv-header-id-meta":"","stick-header-meta":"","header-above-stick-meta":"","header-main-stick-meta":"","header-below-stick-meta":"","astra-migrate-meta-layouts":"set","ast-page-background-enabled":"default","ast-page-background-meta":{"desktop":{"background-color":"var(--ast-global-color-4)","background-image":"","background-repeat":"repeat","background-position":"center center","background-size":"auto","background-attachment":"scroll","background-type":"","background-media":"","overlay-type":"","overlay-color":"","overlay-opacity":"","overlay-gradient":""},"tablet":{"background-color":"","background-image":"","background-repeat":"repeat","background-position":"center center","background-size":"auto","background-attachment":"scroll","background-type":"","background-media":"","overlay-type":"","overlay-color":"","overlay-opacity":"","overlay-gradient":""},"mobile":{"background-color":"","background-image":"","background-repeat":"repeat","background-position":"center center","background-size":"auto","background-attachment":"scroll","background-type":"","background-media":"","overlay-type":"","overlay-color":"","overlay-opacity":"","overlay-gradient":""}},"ast-content-background-meta":{"desktop":{"background-color":"var(--ast-global-color-5)","background-image":"","background-repeat":"repeat","background-position":"center center","background-size":"auto","background-attachment":"scroll","background-type":"","background-media":"","overlay-type":"","overlay-color":"","overlay-opacity":"","overlay-gradient":""},"tablet":{"background-color":"var(--ast-global-color-5)","background-image":"","background-repeat":"repeat","background-position":"center center","background-size":"auto","background-attachment":"scroll","background-type":"","background-media":"","overlay-type":"","overlay-color":"","overlay-opacity":"","overlay-gradient":""},"mobile":{"background-color":"var(--ast-global-color-5)","background-image":"","background-repeat":"repeat","background-position":"center center","background-size":"auto","background-attachment":"scroll","background-type":"","background-media":"","overlay-type":"","overlay-color":"","overlay-opacity":"","overlay-gradient":""}}},"product_brand":[],"product_cat":[88],"product_tag":[],"class_list":{"0":"post-3635","1":"product","2":"type-product","3":"status-publish","4":"has-post-thumbnail","6":"product_cat-inventar-po-uhodu-za-basseinom","7":"desktop-align-center","8":"tablet-align-left","9":"mobile-align-left","11":"first","12":"instock","13":"sale","14":"taxable","15":"shipping-taxable","16":"purchasable","17":"product-type-simple"},"yoast_head":"<!-- This site is optimized with the Yoast SEO plugin v27.4 - https:\/\/yoast.com\/product\/yoast-seo-wordpress\/ -->\n<title>Maytronics Dolphin E10 | \u0420\u043e\u0431\u043e\u0442-\u043f\u044b\u043b\u0435\u0441\u043e\u0441 \u0434\u043b\u044f \u0431\u0430\u0441\u0441\u0435\u0439\u043d\u0430123SPA<\/title>\n<meta name=\"description\" content=\"Dolphin E10 \u2014 \u043b\u0435\u0433\u043a\u0438\u0439 \u0438 \u043a\u043e\u043c\u043f\u0430\u043a\u0442\u043d\u044b\u0439 \u0440\u043e\u0431\u043e\u0442-\u043f\u044b\u043b\u0435\u0441\u043e\u0441 \u0434\u043b\u044f \u0447\u0438\u0441\u0442\u043a\u0438 \u0431\u0430\u0441\u0441\u0435\u0439\u043d\u0430, \u043a\u043e\u0442\u043e\u0440\u044b\u0439 \u043f\u0440\u043e\u0444\u0435\u0441\u0441\u0438\u043e\u043d\u0430\u043b\u044c\u043d\u043e \u043e\u0447\u0438\u0449\u0430\u0435\u0442 \u0434\u043d\u043e \u0431\u0430\u0441\u0441\u0435\u0439\u043d\u0430.\" \/>\n<meta name=\"robots\" content=\"index, follow, max-snippet:-1, max-image-preview:large, max-video-preview:-1\" \/>\n<link rel=\"canonical\" href=\"https:\/\/123spa.lv\/ru\/products\/inventar-po-uhodu-za-basseinom\/robot-pilesos-maytronic-dolphin-e10\/\" \/>\n<meta property=\"og:locale\" content=\"ru_RU\" \/>\n<meta property=\"og:type\" content=\"article\" \/>\n<meta property=\"og:title\" content=\"Maytronics Dolphin E10 | \u0420\u043e\u0431\u043e\u0442-\u043f\u044b\u043b\u0435\u0441\u043e\u0441 \u0434\u043b\u044f \u0431\u0430\u0441\u0441\u0435\u0439\u043d\u0430123SPA\" \/>\n<meta property=\"og:description\" content=\"Dolphin E10 \u2014 \u043b\u0435\u0433\u043a\u0438\u0439 \u0438 \u043a\u043e\u043c\u043f\u0430\u043a\u0442\u043d\u044b\u0439 \u0440\u043e\u0431\u043e\u0442-\u043f\u044b\u043b\u0435\u0441\u043e\u0441 \u0434\u043b\u044f \u0447\u0438\u0441\u0442\u043a\u0438 \u0431\u0430\u0441\u0441\u0435\u0439\u043d\u0430, \u043a\u043e\u0442\u043e\u0440\u044b\u0439 \u043f\u0440\u043e\u0444\u0435\u0441\u0441\u0438\u043e\u043d\u0430\u043b\u044c\u043d\u043e \u043e\u0447\u0438\u0449\u0430\u0435\u0442 \u0434\u043d\u043e \u0431\u0430\u0441\u0441\u0435\u0439\u043d\u0430.\" \/>\n<meta property=\"og:url\" content=\"https:\/\/123spa.lv\/ru\/products\/inventar-po-uhodu-za-basseinom\/robot-pilesos-maytronic-dolphin-e10\/\" \/>\n<meta property=\"og:site_name\" content=\"123SPA\" \/>\n<meta property=\"article:publisher\" content=\"https:\/\/www.facebook.com\/profile.php?id=100091927931505\" \/>\n<meta property=\"article:modified_time\" content=\"2024-08-10T12:17:57+00:00\" \/>\n<meta property=\"og:image\" content=\"https:\/\/123spa.lv\/wp-content\/uploads\/2024\/05\/Dolphin-E10.png\" \/>\n\t<meta property=\"og:image:width\" content=\"399\" \/>\n\t<meta property=\"og:image:height\" content=\"300\" \/>\n\t<meta property=\"og:image:type\" content=\"image\/png\" \/>\n<script type=\"application\/ld+json\" class=\"yoast-schema-graph\">{\"@context\":\"https:\\\/\\\/schema.org\",\"@graph\":[{\"@type\":\"WebPage\",\"@id\":\"https:\\\/\\\/123spa.lv\\\/ru\\\/products\\\/inventar-po-uhodu-za-basseinom\\\/robot-pilesos-maytronic-dolphin-e10\\\/\",\"url\":\"https:\\\/\\\/123spa.lv\\\/ru\\\/products\\\/inventar-po-uhodu-za-basseinom\\\/robot-pilesos-maytronic-dolphin-e10\\\/\",\"name\":\"Maytronics Dolphin E10 | \u0420\u043e\u0431\u043e\u0442-\u043f\u044b\u043b\u0435\u0441\u043e\u0441 \u0434\u043b\u044f \u0431\u0430\u0441\u0441\u0435\u0439\u043d\u0430123SPA\",\"isPartOf\":{\"@id\":\"https:\\\/\\\/123spa.lv\\\/ru\\\/#website\"},\"primaryImageOfPage\":{\"@id\":\"https:\\\/\\\/123spa.lv\\\/ru\\\/products\\\/inventar-po-uhodu-za-basseinom\\\/robot-pilesos-maytronic-dolphin-e10\\\/#primaryimage\"},\"image\":{\"@id\":\"https:\\\/\\\/123spa.lv\\\/ru\\\/products\\\/inventar-po-uhodu-za-basseinom\\\/robot-pilesos-maytronic-dolphin-e10\\\/#primaryimage\"},\"thumbnailUrl\":\"https:\\\/\\\/123spa.lv\\\/wp-content\\\/uploads\\\/2024\\\/05\\\/Dolphin-E10.png\",\"datePublished\":\"2024-05-02T13:48:04+00:00\",\"dateModified\":\"2024-08-10T12:17:57+00:00\",\"description\":\"Dolphin E10 \u2014 \u043b\u0435\u0433\u043a\u0438\u0439 \u0438 \u043a\u043e\u043c\u043f\u0430\u043a\u0442\u043d\u044b\u0439 \u0440\u043e\u0431\u043e\u0442-\u043f\u044b\u043b\u0435\u0441\u043e\u0441 \u0434\u043b\u044f \u0447\u0438\u0441\u0442\u043a\u0438 \u0431\u0430\u0441\u0441\u0435\u0439\u043d\u0430, \u043a\u043e\u0442\u043e\u0440\u044b\u0439 \u043f\u0440\u043e\u0444\u0435\u0441\u0441\u0438\u043e\u043d\u0430\u043b\u044c\u043d\u043e \u043e\u0447\u0438\u0449\u0430\u0435\u0442 \u0434\u043d\u043e \u0431\u0430\u0441\u0441\u0435\u0439\u043d\u0430.\",\"breadcrumb\":{\"@id\":\"https:\\\/\\\/123spa.lv\\\/ru\\\/products\\\/inventar-po-uhodu-za-basseinom\\\/robot-pilesos-maytronic-dolphin-e10\\\/#breadcrumb\"},\"inLanguage\":\"ru-RU\",\"potentialAction\":[{\"@type\":\"ReadAction\",\"target\":[\"https:\\\/\\\/123spa.lv\\\/ru\\\/products\\\/inventar-po-uhodu-za-basseinom\\\/robot-pilesos-maytronic-dolphin-e10\\\/\"]}]},{\"@type\":\"ImageObject\",\"inLanguage\":\"ru-RU\",\"@id\":\"https:\\\/\\\/123spa.lv\\\/ru\\\/products\\\/inventar-po-uhodu-za-basseinom\\\/robot-pilesos-maytronic-dolphin-e10\\\/#primaryimage\",\"url\":\"https:\\\/\\\/123spa.lv\\\/wp-content\\\/uploads\\\/2024\\\/05\\\/Dolphin-E10.png\",\"contentUrl\":\"https:\\\/\\\/123spa.lv\\\/wp-content\\\/uploads\\\/2024\\\/05\\\/Dolphin-E10.png\",\"width\":399,\"height\":300,\"caption\":\"Baseinu t\u012br\u012b\u0161anas robots Maytronics Dolphin E10\"},{\"@type\":\"BreadcrumbList\",\"@id\":\"https:\\\/\\\/123spa.lv\\\/ru\\\/products\\\/inventar-po-uhodu-za-basseinom\\\/robot-pilesos-maytronic-dolphin-e10\\\/#breadcrumb\",\"itemListElement\":[{\"@type\":\"ListItem\",\"position\":1,\"name\":\"C\u0440\u0435\u0434\u0441\u0442\u0432\u0430 \u043f\u043e \u0443\u0445\u043e\u0434\u0443 \u0437\u0430 \u0431\u0430\u0441\u0441\u0435\u0439\u043d\u043e\u043c\",\"item\":\"https:\\\/\\\/123spa.lv\\\/ru\\\/magazin\\\/\"},{\"@type\":\"ListItem\",\"position\":2,\"name\":\"\u0418\u043d\u0432\u0435\u043d\u0442\u0430\u0440\u044c \u043f\u043e \u0443\u0445\u043e\u0434\u0443 \u0437\u0430 \u0431\u0430\u0441\u0441\u0435\u0439\u043d\u043e\u043c\",\"item\":\"https:\\\/\\\/123spa.lv\\\/ru\\\/produkta-kategorija\\\/inventar-po-uhodu-za-basseinom\\\/\"},{\"@type\":\"ListItem\",\"position\":3,\"name\":\"\u0420\u043e\u0431\u043e\u0442-\u043f\u044b\u043b\u0435\u0441\u043e\u0441 Maytronics Dolphin E10\"}]},{\"@type\":\"WebSite\",\"@id\":\"https:\\\/\\\/123spa.lv\\\/ru\\\/#website\",\"url\":\"https:\\\/\\\/123spa.lv\\\/ru\\\/\",\"name\":\"123 SPA\",\"description\":\"123 Idejas Tavam SPA!\",\"publisher\":{\"@id\":\"https:\\\/\\\/123spa.lv\\\/ru\\\/#organization\"},\"potentialAction\":[{\"@type\":\"SearchAction\",\"target\":{\"@type\":\"EntryPoint\",\"urlTemplate\":\"https:\\\/\\\/123spa.lv\\\/ru\\\/?s={search_term_string}\"},\"query-input\":{\"@type\":\"PropertyValueSpecification\",\"valueRequired\":true,\"valueName\":\"search_term_string\"}}],\"inLanguage\":\"ru-RU\"},{\"@type\":\"Organization\",\"@id\":\"https:\\\/\\\/123spa.lv\\\/ru\\\/#organization\",\"name\":\"123 SPA\",\"url\":\"https:\\\/\\\/123spa.lv\\\/ru\\\/\",\"logo\":{\"@type\":\"ImageObject\",\"inLanguage\":\"ru-RU\",\"@id\":\"https:\\\/\\\/123spa.lv\\\/ru\\\/#\\\/schema\\\/logo\\\/image\\\/\",\"url\":\"https:\\\/\\\/123spa.lv\\\/wp-content\\\/uploads\\\/2023\\\/04\\\/cropped-image_3.png\",\"contentUrl\":\"https:\\\/\\\/123spa.lv\\\/wp-content\\\/uploads\\\/2023\\\/04\\\/cropped-image_3.png\",\"width\":512,\"height\":512,\"caption\":\"123 SPA\"},\"image\":{\"@id\":\"https:\\\/\\\/123spa.lv\\\/ru\\\/#\\\/schema\\\/logo\\\/image\\\/\"},\"sameAs\":[\"https:\\\/\\\/www.facebook.com\\\/profile.php?id=100091927931505\"]}]}<\/script>\n<!-- \/ Yoast SEO plugin. -->","yoast_head_json":{"title":"Maytronics Dolphin E10 | \u0420\u043e\u0431\u043e\u0442-\u043f\u044b\u043b\u0435\u0441\u043e\u0441 \u0434\u043b\u044f \u0431\u0430\u0441\u0441\u0435\u0439\u043d\u0430123SPA","description":"Dolphin E10 \u2014 \u043b\u0435\u0433\u043a\u0438\u0439 \u0438 \u043a\u043e\u043c\u043f\u0430\u043a\u0442\u043d\u044b\u0439 \u0440\u043e\u0431\u043e\u0442-\u043f\u044b\u043b\u0435\u0441\u043e\u0441 \u0434\u043b\u044f \u0447\u0438\u0441\u0442\u043a\u0438 \u0431\u0430\u0441\u0441\u0435\u0439\u043d\u0430, \u043a\u043e\u0442\u043e\u0440\u044b\u0439 \u043f\u0440\u043e\u0444\u0435\u0441\u0441\u0438\u043e\u043d\u0430\u043b\u044c\u043d\u043e \u043e\u0447\u0438\u0449\u0430\u0435\u0442 \u0434\u043d\u043e \u0431\u0430\u0441\u0441\u0435\u0439\u043d\u0430.","robots":{"index":"index","follow":"follow","max-snippet":"max-snippet:-1","max-image-preview":"max-image-preview:large","max-video-preview":"max-video-preview:-1"},"canonical":"https:\/\/123spa.lv\/ru\/products\/inventar-po-uhodu-za-basseinom\/robot-pilesos-maytronic-dolphin-e10\/","og_locale":"ru_RU","og_type":"article","og_title":"Maytronics Dolphin E10 | \u0420\u043e\u0431\u043e\u0442-\u043f\u044b\u043b\u0435\u0441\u043e\u0441 \u0434\u043b\u044f \u0431\u0430\u0441\u0441\u0435\u0439\u043d\u0430123SPA","og_description":"Dolphin E10 \u2014 \u043b\u0435\u0433\u043a\u0438\u0439 \u0438 \u043a\u043e\u043c\u043f\u0430\u043a\u0442\u043d\u044b\u0439 \u0440\u043e\u0431\u043e\u0442-\u043f\u044b\u043b\u0435\u0441\u043e\u0441 \u0434\u043b\u044f \u0447\u0438\u0441\u0442\u043a\u0438 \u0431\u0430\u0441\u0441\u0435\u0439\u043d\u0430, \u043a\u043e\u0442\u043e\u0440\u044b\u0439 \u043f\u0440\u043e\u0444\u0435\u0441\u0441\u0438\u043e\u043d\u0430\u043b\u044c\u043d\u043e \u043e\u0447\u0438\u0449\u0430\u0435\u0442 \u0434\u043d\u043e \u0431\u0430\u0441\u0441\u0435\u0439\u043d\u0430.","og_url":"https:\/\/123spa.lv\/ru\/products\/inventar-po-uhodu-za-basseinom\/robot-pilesos-maytronic-dolphin-e10\/","og_site_name":"123SPA","article_publisher":"https:\/\/www.facebook.com\/profile.php?id=100091927931505","article_modified_time":"2024-08-10T12:17:57+00:00","og_image":[{"width":399,"height":300,"url":"https:\/\/123spa.lv\/wp-content\/uploads\/2024\/05\/Dolphin-E10.png","type":"image\/png"}],"schema":{"@context":"https:\/\/schema.org","@graph":[{"@type":"WebPage","@id":"https:\/\/123spa.lv\/ru\/products\/inventar-po-uhodu-za-basseinom\/robot-pilesos-maytronic-dolphin-e10\/","url":"https:\/\/123spa.lv\/ru\/products\/inventar-po-uhodu-za-basseinom\/robot-pilesos-maytronic-dolphin-e10\/","name":"Maytronics Dolphin E10 | \u0420\u043e\u0431\u043e\u0442-\u043f\u044b\u043b\u0435\u0441\u043e\u0441 \u0434\u043b\u044f \u0431\u0430\u0441\u0441\u0435\u0439\u043d\u0430123SPA","isPartOf":{"@id":"https:\/\/123spa.lv\/ru\/#website"},"primaryImageOfPage":{"@id":"https:\/\/123spa.lv\/ru\/products\/inventar-po-uhodu-za-basseinom\/robot-pilesos-maytronic-dolphin-e10\/#primaryimage"},"image":{"@id":"https:\/\/123spa.lv\/ru\/products\/inventar-po-uhodu-za-basseinom\/robot-pilesos-maytronic-dolphin-e10\/#primaryimage"},"thumbnailUrl":"https:\/\/123spa.lv\/wp-content\/uploads\/2024\/05\/Dolphin-E10.png","datePublished":"2024-05-02T13:48:04+00:00","dateModified":"2024-08-10T12:17:57+00:00","description":"Dolphin E10 \u2014 \u043b\u0435\u0433\u043a\u0438\u0439 \u0438 \u043a\u043e\u043c\u043f\u0430\u043a\u0442\u043d\u044b\u0439 \u0440\u043e\u0431\u043e\u0442-\u043f\u044b\u043b\u0435\u0441\u043e\u0441 \u0434\u043b\u044f \u0447\u0438\u0441\u0442\u043a\u0438 \u0431\u0430\u0441\u0441\u0435\u0439\u043d\u0430, \u043a\u043e\u0442\u043e\u0440\u044b\u0439 \u043f\u0440\u043e\u0444\u0435\u0441\u0441\u0438\u043e\u043d\u0430\u043b\u044c\u043d\u043e \u043e\u0447\u0438\u0449\u0430\u0435\u0442 \u0434\u043d\u043e \u0431\u0430\u0441\u0441\u0435\u0439\u043d\u0430.","breadcrumb":{"@id":"https:\/\/123spa.lv\/ru\/products\/inventar-po-uhodu-za-basseinom\/robot-pilesos-maytronic-dolphin-e10\/#breadcrumb"},"inLanguage":"ru-RU","potentialAction":[{"@type":"ReadAction","target":["https:\/\/123spa.lv\/ru\/products\/inventar-po-uhodu-za-basseinom\/robot-pilesos-maytronic-dolphin-e10\/"]}]},{"@type":"ImageObject","inLanguage":"ru-RU","@id":"https:\/\/123spa.lv\/ru\/products\/inventar-po-uhodu-za-basseinom\/robot-pilesos-maytronic-dolphin-e10\/#primaryimage","url":"https:\/\/123spa.lv\/wp-content\/uploads\/2024\/05\/Dolphin-E10.png","contentUrl":"https:\/\/123spa.lv\/wp-content\/uploads\/2024\/05\/Dolphin-E10.png","width":399,"height":300,"caption":"Baseinu t\u012br\u012b\u0161anas robots Maytronics Dolphin E10"},{"@type":"BreadcrumbList","@id":"https:\/\/123spa.lv\/ru\/products\/inventar-po-uhodu-za-basseinom\/robot-pilesos-maytronic-dolphin-e10\/#breadcrumb","itemListElement":[{"@type":"ListItem","position":1,"name":"C\u0440\u0435\u0434\u0441\u0442\u0432\u0430 \u043f\u043e \u0443\u0445\u043e\u0434\u0443 \u0437\u0430 \u0431\u0430\u0441\u0441\u0435\u0439\u043d\u043e\u043c","item":"https:\/\/123spa.lv\/ru\/magazin\/"},{"@type":"ListItem","position":2,"name":"\u0418\u043d\u0432\u0435\u043d\u0442\u0430\u0440\u044c \u043f\u043e \u0443\u0445\u043e\u0434\u0443 \u0437\u0430 \u0431\u0430\u0441\u0441\u0435\u0439\u043d\u043e\u043c","item":"https:\/\/123spa.lv\/ru\/produkta-kategorija\/inventar-po-uhodu-za-basseinom\/"},{"@type":"ListItem","position":3,"name":"\u0420\u043e\u0431\u043e\u0442-\u043f\u044b\u043b\u0435\u0441\u043e\u0441 Maytronics Dolphin E10"}]},{"@type":"WebSite","@id":"https:\/\/123spa.lv\/ru\/#website","url":"https:\/\/123spa.lv\/ru\/","name":"123 SPA","description":"123 Idejas Tavam SPA!","publisher":{"@id":"https:\/\/123spa.lv\/ru\/#organization"},"potentialAction":[{"@type":"SearchAction","target":{"@type":"EntryPoint","urlTemplate":"https:\/\/123spa.lv\/ru\/?s={search_term_string}"},"query-input":{"@type":"PropertyValueSpecification","valueRequired":true,"valueName":"search_term_string"}}],"inLanguage":"ru-RU"},{"@type":"Organization","@id":"https:\/\/123spa.lv\/ru\/#organization","name":"123 SPA","url":"https:\/\/123spa.lv\/ru\/","logo":{"@type":"ImageObject","inLanguage":"ru-RU","@id":"https:\/\/123spa.lv\/ru\/#\/schema\/logo\/image\/","url":"https:\/\/123spa.lv\/wp-content\/uploads\/2023\/04\/cropped-image_3.png","contentUrl":"https:\/\/123spa.lv\/wp-content\/uploads\/2023\/04\/cropped-image_3.png","width":512,"height":512,"caption":"123 SPA"},"image":{"@id":"https:\/\/123spa.lv\/ru\/#\/schema\/logo\/image\/"},"sameAs":["https:\/\/www.facebook.com\/profile.php?id=100091927931505"]}]}},"_links":{"self":[{"href":"https:\/\/123spa.lv\/ru\/wp-json\/wp\/v2\/product\/3635","targetHints":{"allow":["GET"]}}],"collection":[{"href":"https:\/\/123spa.lv\/ru\/wp-json\/wp\/v2\/product"}],"about":[{"href":"https:\/\/123spa.lv\/ru\/wp-json\/wp\/v2\/types\/product"}],"wp:featuredmedia":[{"embeddable":true,"href":"https:\/\/123spa.lv\/ru\/wp-json\/wp\/v2\/media\/3638"}],"wp:attachment":[{"href":"https:\/\/123spa.lv\/ru\/wp-json\/wp\/v2\/media?parent=3635"}],"wp:term":[{"taxonomy":"product_brand","embeddable":true,"href":"https:\/\/123spa.lv\/ru\/wp-json\/wp\/v2\/product_brand?post=3635"},{"taxonomy":"product_cat","embeddable":true,"href":"https:\/\/123spa.lv\/ru\/wp-json\/wp\/v2\/product_cat?post=3635"},{"taxonomy":"product_tag","embeddable":true,"href":"https:\/\/123spa.lv\/ru\/wp-json\/wp\/v2\/product_tag?post=3635"}],"curies":[{"name":"wp","href":"https:\/\/api.w.org\/{rel}","templated":true}]}}