{"id":3834,"date":"2024-03-07T19:41:25","date_gmt":"2024-03-07T17:41:25","guid":{"rendered":"https:\/\/123spa.lv\/products\/uncategorized\/ph-limeni-paaugstinosas-granulas-spa-vannam-ph-plus-bayrol-1-kg\/"},"modified":"2024-07-16T12:23:51","modified_gmt":"2024-07-16T09:23:51","slug":"granuli-ph-pluss-bayrol","status":"publish","type":"product","link":"https:\/\/123spa.lv\/ru\/products\/sredstva-po-uhodu-dlya-spa-vann\/granuli-ph-pluss-bayrol\/","title":{"rendered":"\u0413\u0440\u0430\u043d\u0443\u043b\u044b, \u043f\u043e\u0432\u044b\u0448\u0430\u044e\u0449\u0438\u0435 \u0443\u0440\u043e\u0432\u0435\u043d\u044c pH \u0434\u043b\u044f \u0421\u041f\u0410-\u0432\u0430\u043d\u043d pH-Plus, Bayrol, 1 \u043a\u0433"},"content":{"rendered":"<p style=\"font-weight: 400;\"><strong>pH-Plus<\/strong> \u043f\u043e\u0432\u044b\u0448\u0430\u0435\u0442 \u0438 \u0441\u0442\u0430\u0431\u0438\u043b\u0438\u0437\u0438\u0440\u0443\u0435\u0442 \u0437\u043d\u0430\u0447\u0435\u043d\u0438\u0435 pH \u0432\u043e\u0434\u044b \u0432 \u0421\u041f\u0410-\u0432\u0430\u043d\u043d\u0435. \u041f\u0440\u0430\u0432\u0438\u043b\u044c\u043d\u043e\u0435 \u0437\u043d\u0430\u0447\u0435\u043d\u0438\u0435 pH \u044f\u0432\u043b\u044f\u0435\u0442\u0441\u044f \u043e\u0441\u043d\u043e\u0432\u043e\u0439 \u043f\u0440\u0430\u0432\u0438\u043b\u044c\u043d\u043e\u0439 \u043e\u0447\u0438\u0441\u0442\u043a\u0438 \u0432\u043e\u0434\u044b. \u0417\u043d\u0430\u0447\u0435\u043d\u0438\u0435 pH \u0434\u043e\u043b\u0436\u043d\u043e \u043f\u043e\u0434\u0434\u0435\u0440\u0436\u0438\u0432\u0430\u0442\u044c\u0441\u044f \u0432 \u043f\u0440\u0435\u0434\u0435\u043b\u0430\u0445 \u043e\u0442 7.0 \u0434\u043e 7.6, \u0447\u0442\u043e\u0431\u044b \u0443\u0441\u0438\u043b\u0438\u0442\u044c \u0432\u0441\u0435 \u044d\u0444\u0444\u0435\u043a\u0442\u044b \u0441\u0440\u0435\u0434\u0441\u0442\u0432 \u043f\u043e \u0443\u0445\u043e\u0434\u0443. \u041f\u0440\u043e\u0432\u0435\u0440\u044c\u0442\u0435 pH \u0441 \u043f\u043e\u043c\u043e\u0449\u044c\u044e \u0442\u0435\u0441\u0442-\u043f\u043e\u043b\u043e\u0441\u043e\u043a \u0438\u043b\u0438 \u0440\u0443\u0447\u043d\u043e\u0433\u043e pH-\u0442\u0435\u0441\u0442\u0435\u0440\u0430.<\/p>\n<p style=\"font-weight: 400;\"><strong>\u041f\u0440\u0438\u043c\u0435\u043d\u0435\u043d\u0438\u0435:<\/strong> \u0427\u0442\u043e\u0431\u044b \u043f\u043e\u0432\u044b\u0441\u0438\u0442\u044c \u0437\u043d\u0430\u0447\u0435\u043d\u0438\u0435 pH \u043d\u0430 0.1, \u0434\u043e\u0431\u0430\u0432\u044c\u0442\u0435 \u0433\u0440\u0430\u043d\u0443\u043b\u044b 10 \u0433\/\u043c3 \u043d\u0435\u043f\u043e\u0441\u0440\u0435\u0434\u0441\u0442\u0432\u0435\u043d\u043d\u043e \u0432 \u0432\u043e\u0434\u0443 \u043f\u0440\u0438 \u0440\u0430\u0431\u043e\u0442\u0430\u044e\u0449\u0435\u043c \u0446\u0438\u0440\u043a\u0443\u043b\u044f\u0446\u0438\u043e\u043d\u043d\u043e\u043c \u043d\u0430\u0441\u043e\u0441\u0435.<\/p>\n<p style=\"font-weight: 400;\">\u0413\u0440\u0430\u043d\u0443\u043b\u044b pH-Plus \u0443\u0434\u043e\u0431\u043d\u044b \u0432 \u0438\u0441\u043f\u043e\u043b\u044c\u0437\u043e\u0432\u0430\u043d\u0438\u0438, \u043e\u043d\u0438 \u043b\u0435\u0433\u043a\u043e \u0440\u0430\u0441\u0442\u0432\u043e\u0440\u044f\u044e\u0442\u0441\u044f \u0432 \u0432\u043e\u0434\u0435, \u043d\u0435 \u043e\u0441\u0442\u0430\u0432\u043b\u044f\u044f \u043e\u0441\u0430\u0434\u043a\u0430 \u0438 \u043c\u0443\u0442\u0438.<\/p>\n<p style=\"font-weight: 400;\"><strong>\u0423\u043f\u0430\u043a\u043e\u0432\u043a\u0430:<\/strong> \u043f\u043b\u0430\u0441\u0442\u0438\u043a\u043e\u0432\u0430\u044f \u0431\u0430\u043d\u043a\u0430.<\/p>\n<p style=\"font-weight: 400;\"><strong>\u041e\u0431\u044a\u0435\u043c:<\/strong> 1 \u043a\u0433<\/p>\n<p style=\"font-weight: 400;\"><strong>\u0421\u0442\u0440\u0430\u043d\u0430-\u043f\u0440\u043e\u0438\u0437\u0432\u043e\u0434\u0438\u0442\u0435\u043b\u044c:<\/strong> \u0413\u0435\u0440\u043c\u0430\u043d\u0438\u044f.<\/p>\n","protected":false},"excerpt":{"rendered":"<p>pH-Plus \u043f\u043e\u0432\u044b\u0448\u0430\u0435\u0442 \u0438 \u0441\u0442\u0430\u0431\u0438\u043b\u0438\u0437\u0438\u0440\u0443\u0435\u0442 \u0437\u043d\u0430\u0447\u0435\u043d\u0438\u0435 pH \u0432\u043e\u0434\u044b \u0432 \u0421\u041f\u0410-\u0432\u0430\u043d\u043d\u0435. \u041f\u0440\u0430\u0432\u0438\u043b\u044c\u043d\u043e\u0435 \u0437\u043d\u0430\u0447\u0435\u043d\u0438\u0435 pH \u044f\u0432\u043b\u044f\u0435\u0442\u0441\u044f \u043e\u0441\u043d\u043e\u0432\u043e\u0439 \u043f\u0440\u0430\u0432\u0438\u043b\u044c\u043d\u043e\u0439 \u043e\u0447\u0438\u0441\u0442\u043a\u0438 \u0432\u043e\u0434\u044b. \u0417\u043d\u0430\u0447\u0435\u043d\u0438\u0435 pH \u0434\u043e\u043b\u0436\u043d\u043e \u043f\u043e\u0434\u0434\u0435\u0440\u0436\u0438\u0432\u0430\u0442\u044c\u0441\u044f \u0432 \u043f\u0440\u0435\u0434\u0435\u043b\u0430\u0445 \u043e\u0442 7.0 \u0434\u043e 7.6, \u0447\u0442\u043e\u0431\u044b \u0443\u0441\u0438\u043b\u0438\u0442\u044c \u0432\u0441\u0435 \u044d\u0444\u0444\u0435\u043a\u0442\u044b \u0441\u0440\u0435\u0434\u0441\u0442\u0432 \u043f\u043e \u0443\u0445\u043e\u0434\u0443. \u041f\u0440\u043e\u0432\u0435\u0440\u044c\u0442\u0435 pH \u0441 \u043f\u043e\u043c\u043e\u0449\u044c\u044e \u0442\u0435\u0441\u0442-\u043f\u043e\u043b\u043e\u0441\u043e\u043a \u0438\u043b\u0438 \u0440\u0443\u0447\u043d\u043e\u0433\u043e pH-\u0442\u0435\u0441\u0442\u0435\u0440\u0430.<\/p>\n","protected":false},"featured_media":3278,"template":"","meta":{"site-sidebar-layout":"default","site-content-layout":"","ast-site-content-layout":"default","site-content-style":"default","site-sidebar-style":"default","ast-global-header-display":"","ast-banner-title-visibility":"","ast-main-header-display":"","ast-hfb-above-header-display":"","ast-hfb-below-header-display":"","ast-hfb-mobile-header-display":"","site-post-title":"","ast-breadcrumbs-content":"","ast-featured-img":"","footer-sml-layout":"","ast-disable-related-posts":"","theme-transparent-header-meta":"default","adv-header-id-meta":"","stick-header-meta":"","header-above-stick-meta":"","header-main-stick-meta":"","header-below-stick-meta":"","astra-migrate-meta-layouts":"set","ast-page-background-enabled":"default","ast-page-background-meta":{"desktop":{"background-color":"var(--ast-global-color-4)","background-image":"","background-repeat":"repeat","background-position":"center center","background-size":"auto","background-attachment":"scroll","background-type":"","background-media":"","overlay-type":"","overlay-color":"","overlay-opacity":"","overlay-gradient":""},"tablet":{"background-color":"","background-image":"","background-repeat":"repeat","background-position":"center center","background-size":"auto","background-attachment":"scroll","background-type":"","background-media":"","overlay-type":"","overlay-color":"","overlay-opacity":"","overlay-gradient":""},"mobile":{"background-color":"","background-image":"","background-repeat":"repeat","background-position":"center center","background-size":"auto","background-attachment":"scroll","background-type":"","background-media":"","overlay-type":"","overlay-color":"","overlay-opacity":"","overlay-gradient":""}},"ast-content-background-meta":{"desktop":{"background-color":"var(--ast-global-color-5)","background-image":"","background-repeat":"repeat","background-position":"center center","background-size":"auto","background-attachment":"scroll","background-type":"","background-media":"","overlay-type":"","overlay-color":"","overlay-opacity":"","overlay-gradient":""},"tablet":{"background-color":"var(--ast-global-color-5)","background-image":"","background-repeat":"repeat","background-position":"center center","background-size":"auto","background-attachment":"scroll","background-type":"","background-media":"","overlay-type":"","overlay-color":"","overlay-opacity":"","overlay-gradient":""},"mobile":{"background-color":"var(--ast-global-color-5)","background-image":"","background-repeat":"repeat","background-position":"center center","background-size":"auto","background-attachment":"scroll","background-type":"","background-media":"","overlay-type":"","overlay-color":"","overlay-opacity":"","overlay-gradient":""}}},"product_brand":[],"product_cat":[89],"product_tag":[],"class_list":{"0":"post-3834","1":"product","2":"type-product","3":"status-publish","4":"has-post-thumbnail","6":"product_cat-sredstva-po-uhodu-dlya-spa-vann","7":"desktop-align-center","8":"tablet-align-left","9":"mobile-align-left","11":"first","12":"instock","13":"taxable","14":"shipping-taxable","15":"purchasable","16":"product-type-variable","17":"has-default-attributes"},"yoast_head":"<!-- This site is optimized with the Yoast SEO plugin v27.3 - https:\/\/yoast.com\/product\/yoast-seo-wordpress\/ -->\n<title>Bayrol pH-Plus | 123SPA<\/title>\n<meta name=\"description\" content=\"\u0413\u0440\u0430\u043d\u0443\u043b\u044b Bayrol pH-Plus \u0443\u0434\u043e\u0431\u043d\u044b \u0432 \u0438\u0441\u043f\u043e\u043b\u044c\u0437\u043e\u0432\u0430\u043d\u0438\u0438, \u0431\u044b\u0441\u0442\u0440\u043e \u0440\u0430\u0441\u0442\u0432\u043e\u0440\u044f\u044e\u0442\u0441\u044f \u0432 \u0432\u043e\u0434\u0435, \u043d\u0435 \u043e\u0441\u0442\u0430\u0432\u043b\u044f\u044f \u043e\u0441\u0430\u0434\u043a\u0430 \u0438 \u043d\u0435 \u0441\u043e\u0437\u0434\u0430\u0432\u0430\u044f \u043c\u0443\u0442\u0438. \u0412\u044b\u0431\u0438\u0440\u0430\u0439\u0442\u0435 Bayrol pH-Plus!\" \/>\n<meta name=\"robots\" content=\"index, follow, max-snippet:-1, max-image-preview:large, max-video-preview:-1\" \/>\n<link rel=\"canonical\" href=\"https:\/\/123spa.lv\/ru\/products\/sredstva-po-uhodu-dlya-spa-vann\/granuli-ph-pluss-bayrol\/\" \/>\n<meta property=\"og:locale\" content=\"ru_RU\" \/>\n<meta property=\"og:type\" content=\"article\" \/>\n<meta property=\"og:title\" content=\"Bayrol pH-Plus | 123SPA\" \/>\n<meta property=\"og:description\" content=\"\u0413\u0440\u0430\u043d\u0443\u043b\u044b Bayrol pH-Plus \u0443\u0434\u043e\u0431\u043d\u044b \u0432 \u0438\u0441\u043f\u043e\u043b\u044c\u0437\u043e\u0432\u0430\u043d\u0438\u0438, \u0431\u044b\u0441\u0442\u0440\u043e \u0440\u0430\u0441\u0442\u0432\u043e\u0440\u044f\u044e\u0442\u0441\u044f \u0432 \u0432\u043e\u0434\u0435, \u043d\u0435 \u043e\u0441\u0442\u0430\u0432\u043b\u044f\u044f \u043e\u0441\u0430\u0434\u043a\u0430 \u0438 \u043d\u0435 \u0441\u043e\u0437\u0434\u0430\u0432\u0430\u044f \u043c\u0443\u0442\u0438. \u0412\u044b\u0431\u0438\u0440\u0430\u0439\u0442\u0435 Bayrol pH-Plus!\" \/>\n<meta property=\"og:url\" content=\"https:\/\/123spa.lv\/ru\/products\/sredstva-po-uhodu-dlya-spa-vann\/granuli-ph-pluss-bayrol\/\" \/>\n<meta property=\"og:site_name\" content=\"123SPA\" \/>\n<meta property=\"article:publisher\" content=\"https:\/\/www.facebook.com\/profile.php?id=100091927931505\" \/>\n<meta property=\"article:modified_time\" content=\"2024-07-16T09:23:51+00:00\" \/>\n<meta property=\"og:image\" content=\"https:\/\/123spa.lv\/wp-content\/uploads\/2024\/03\/ph-limeni-paaugstinosas-granulas-spa-vannam-ph-a69a9_reference.webp\" \/>\n\t<meta property=\"og:image:width\" content=\"800\" \/>\n\t<meta property=\"og:image:height\" content=\"800\" \/>\n\t<meta property=\"og:image:type\" content=\"image\/webp\" \/>\n<script type=\"application\/ld+json\" class=\"yoast-schema-graph\">{\"@context\":\"https:\\\/\\\/schema.org\",\"@graph\":[{\"@type\":\"WebPage\",\"@id\":\"https:\\\/\\\/123spa.lv\\\/ru\\\/products\\\/sredstva-po-uhodu-dlya-spa-vann\\\/granuli-ph-pluss-bayrol\\\/\",\"url\":\"https:\\\/\\\/123spa.lv\\\/ru\\\/products\\\/sredstva-po-uhodu-dlya-spa-vann\\\/granuli-ph-pluss-bayrol\\\/\",\"name\":\"Bayrol pH-Plus | 123SPA\",\"isPartOf\":{\"@id\":\"https:\\\/\\\/123spa.lv\\\/ru\\\/#website\"},\"primaryImageOfPage\":{\"@id\":\"https:\\\/\\\/123spa.lv\\\/ru\\\/products\\\/sredstva-po-uhodu-dlya-spa-vann\\\/granuli-ph-pluss-bayrol\\\/#primaryimage\"},\"image\":{\"@id\":\"https:\\\/\\\/123spa.lv\\\/ru\\\/products\\\/sredstva-po-uhodu-dlya-spa-vann\\\/granuli-ph-pluss-bayrol\\\/#primaryimage\"},\"thumbnailUrl\":\"https:\\\/\\\/123spa.lv\\\/wp-content\\\/uploads\\\/2024\\\/03\\\/ph-limeni-paaugstinosas-granulas-spa-vannam-ph-a69a9_reference.webp\",\"datePublished\":\"2024-03-07T17:41:25+00:00\",\"dateModified\":\"2024-07-16T09:23:51+00:00\",\"description\":\"\u0413\u0440\u0430\u043d\u0443\u043b\u044b Bayrol pH-Plus \u0443\u0434\u043e\u0431\u043d\u044b \u0432 \u0438\u0441\u043f\u043e\u043b\u044c\u0437\u043e\u0432\u0430\u043d\u0438\u0438, \u0431\u044b\u0441\u0442\u0440\u043e \u0440\u0430\u0441\u0442\u0432\u043e\u0440\u044f\u044e\u0442\u0441\u044f \u0432 \u0432\u043e\u0434\u0435, \u043d\u0435 \u043e\u0441\u0442\u0430\u0432\u043b\u044f\u044f \u043e\u0441\u0430\u0434\u043a\u0430 \u0438 \u043d\u0435 \u0441\u043e\u0437\u0434\u0430\u0432\u0430\u044f \u043c\u0443\u0442\u0438. \u0412\u044b\u0431\u0438\u0440\u0430\u0439\u0442\u0435 Bayrol pH-Plus!\",\"breadcrumb\":{\"@id\":\"https:\\\/\\\/123spa.lv\\\/ru\\\/products\\\/sredstva-po-uhodu-dlya-spa-vann\\\/granuli-ph-pluss-bayrol\\\/#breadcrumb\"},\"inLanguage\":\"ru-RU\",\"potentialAction\":[{\"@type\":\"ReadAction\",\"target\":[\"https:\\\/\\\/123spa.lv\\\/ru\\\/products\\\/sredstva-po-uhodu-dlya-spa-vann\\\/granuli-ph-pluss-bayrol\\\/\"]}]},{\"@type\":\"ImageObject\",\"inLanguage\":\"ru-RU\",\"@id\":\"https:\\\/\\\/123spa.lv\\\/ru\\\/products\\\/sredstva-po-uhodu-dlya-spa-vann\\\/granuli-ph-pluss-bayrol\\\/#primaryimage\",\"url\":\"https:\\\/\\\/123spa.lv\\\/wp-content\\\/uploads\\\/2024\\\/03\\\/ph-limeni-paaugstinosas-granulas-spa-vannam-ph-a69a9_reference.webp\",\"contentUrl\":\"https:\\\/\\\/123spa.lv\\\/wp-content\\\/uploads\\\/2024\\\/03\\\/ph-limeni-paaugstinosas-granulas-spa-vannam-ph-a69a9_reference.webp\",\"width\":800,\"height\":800,\"caption\":\"pH l\u012bmeni paaugstino\u0161as granulas SPA vann\u0101m pH-Plus, Bayrol, 1 kg\"},{\"@type\":\"BreadcrumbList\",\"@id\":\"https:\\\/\\\/123spa.lv\\\/ru\\\/products\\\/sredstva-po-uhodu-dlya-spa-vann\\\/granuli-ph-pluss-bayrol\\\/#breadcrumb\",\"itemListElement\":[{\"@type\":\"ListItem\",\"position\":1,\"name\":\"C\u0440\u0435\u0434\u0441\u0442\u0432\u0430 \u043f\u043e \u0443\u0445\u043e\u0434\u0443 \u0437\u0430 \u0431\u0430\u0441\u0441\u0435\u0439\u043d\u043e\u043c\",\"item\":\"https:\\\/\\\/123spa.lv\\\/ru\\\/magazin\\\/\"},{\"@type\":\"ListItem\",\"position\":2,\"name\":\"\u0421\u0440\u0435\u0434\u0441\u0442\u0432\u0430 \u043f\u043e \u0443\u0445\u043e\u0434\u0443 \u0434\u043b\u044f \u0421\u041f\u0410-\u0432\u0430\u043d\u043d\",\"item\":\"https:\\\/\\\/123spa.lv\\\/ru\\\/produkta-kategorija\\\/sredstva-po-uhodu-dlya-spa-vann\\\/\"},{\"@type\":\"ListItem\",\"position\":3,\"name\":\"\u0413\u0440\u0430\u043d\u0443\u043b\u044b, \u043f\u043e\u0432\u044b\u0448\u0430\u044e\u0449\u0438\u0435 \u0443\u0440\u043e\u0432\u0435\u043d\u044c pH \u0434\u043b\u044f \u0421\u041f\u0410-\u0432\u0430\u043d\u043d pH-Plus, Bayrol, 1 \u043a\u0433\"}]},{\"@type\":\"WebSite\",\"@id\":\"https:\\\/\\\/123spa.lv\\\/ru\\\/#website\",\"url\":\"https:\\\/\\\/123spa.lv\\\/ru\\\/\",\"name\":\"123 SPA\",\"description\":\"123 Idejas Tavam SPA!\",\"publisher\":{\"@id\":\"https:\\\/\\\/123spa.lv\\\/ru\\\/#organization\"},\"potentialAction\":[{\"@type\":\"SearchAction\",\"target\":{\"@type\":\"EntryPoint\",\"urlTemplate\":\"https:\\\/\\\/123spa.lv\\\/ru\\\/?s={search_term_string}\"},\"query-input\":{\"@type\":\"PropertyValueSpecification\",\"valueRequired\":true,\"valueName\":\"search_term_string\"}}],\"inLanguage\":\"ru-RU\"},{\"@type\":\"Organization\",\"@id\":\"https:\\\/\\\/123spa.lv\\\/ru\\\/#organization\",\"name\":\"123 SPA\",\"url\":\"https:\\\/\\\/123spa.lv\\\/ru\\\/\",\"logo\":{\"@type\":\"ImageObject\",\"inLanguage\":\"ru-RU\",\"@id\":\"https:\\\/\\\/123spa.lv\\\/ru\\\/#\\\/schema\\\/logo\\\/image\\\/\",\"url\":\"https:\\\/\\\/123spa.lv\\\/wp-content\\\/uploads\\\/2023\\\/04\\\/cropped-image_3.png\",\"contentUrl\":\"https:\\\/\\\/123spa.lv\\\/wp-content\\\/uploads\\\/2023\\\/04\\\/cropped-image_3.png\",\"width\":512,\"height\":512,\"caption\":\"123 SPA\"},\"image\":{\"@id\":\"https:\\\/\\\/123spa.lv\\\/ru\\\/#\\\/schema\\\/logo\\\/image\\\/\"},\"sameAs\":[\"https:\\\/\\\/www.facebook.com\\\/profile.php?id=100091927931505\"]}]}<\/script>\n<!-- \/ Yoast SEO plugin. -->","yoast_head_json":{"title":"Bayrol pH-Plus | 123SPA","description":"\u0413\u0440\u0430\u043d\u0443\u043b\u044b Bayrol pH-Plus \u0443\u0434\u043e\u0431\u043d\u044b \u0432 \u0438\u0441\u043f\u043e\u043b\u044c\u0437\u043e\u0432\u0430\u043d\u0438\u0438, \u0431\u044b\u0441\u0442\u0440\u043e \u0440\u0430\u0441\u0442\u0432\u043e\u0440\u044f\u044e\u0442\u0441\u044f \u0432 \u0432\u043e\u0434\u0435, \u043d\u0435 \u043e\u0441\u0442\u0430\u0432\u043b\u044f\u044f \u043e\u0441\u0430\u0434\u043a\u0430 \u0438 \u043d\u0435 \u0441\u043e\u0437\u0434\u0430\u0432\u0430\u044f \u043c\u0443\u0442\u0438. \u0412\u044b\u0431\u0438\u0440\u0430\u0439\u0442\u0435 Bayrol pH-Plus!","robots":{"index":"index","follow":"follow","max-snippet":"max-snippet:-1","max-image-preview":"max-image-preview:large","max-video-preview":"max-video-preview:-1"},"canonical":"https:\/\/123spa.lv\/ru\/products\/sredstva-po-uhodu-dlya-spa-vann\/granuli-ph-pluss-bayrol\/","og_locale":"ru_RU","og_type":"article","og_title":"Bayrol pH-Plus | 123SPA","og_description":"\u0413\u0440\u0430\u043d\u0443\u043b\u044b Bayrol pH-Plus \u0443\u0434\u043e\u0431\u043d\u044b \u0432 \u0438\u0441\u043f\u043e\u043b\u044c\u0437\u043e\u0432\u0430\u043d\u0438\u0438, \u0431\u044b\u0441\u0442\u0440\u043e \u0440\u0430\u0441\u0442\u0432\u043e\u0440\u044f\u044e\u0442\u0441\u044f \u0432 \u0432\u043e\u0434\u0435, \u043d\u0435 \u043e\u0441\u0442\u0430\u0432\u043b\u044f\u044f \u043e\u0441\u0430\u0434\u043a\u0430 \u0438 \u043d\u0435 \u0441\u043e\u0437\u0434\u0430\u0432\u0430\u044f \u043c\u0443\u0442\u0438. \u0412\u044b\u0431\u0438\u0440\u0430\u0439\u0442\u0435 Bayrol pH-Plus!","og_url":"https:\/\/123spa.lv\/ru\/products\/sredstva-po-uhodu-dlya-spa-vann\/granuli-ph-pluss-bayrol\/","og_site_name":"123SPA","article_publisher":"https:\/\/www.facebook.com\/profile.php?id=100091927931505","article_modified_time":"2024-07-16T09:23:51+00:00","og_image":[{"width":800,"height":800,"url":"https:\/\/123spa.lv\/wp-content\/uploads\/2024\/03\/ph-limeni-paaugstinosas-granulas-spa-vannam-ph-a69a9_reference.webp","type":"image\/webp"}],"schema":{"@context":"https:\/\/schema.org","@graph":[{"@type":"WebPage","@id":"https:\/\/123spa.lv\/ru\/products\/sredstva-po-uhodu-dlya-spa-vann\/granuli-ph-pluss-bayrol\/","url":"https:\/\/123spa.lv\/ru\/products\/sredstva-po-uhodu-dlya-spa-vann\/granuli-ph-pluss-bayrol\/","name":"Bayrol pH-Plus | 123SPA","isPartOf":{"@id":"https:\/\/123spa.lv\/ru\/#website"},"primaryImageOfPage":{"@id":"https:\/\/123spa.lv\/ru\/products\/sredstva-po-uhodu-dlya-spa-vann\/granuli-ph-pluss-bayrol\/#primaryimage"},"image":{"@id":"https:\/\/123spa.lv\/ru\/products\/sredstva-po-uhodu-dlya-spa-vann\/granuli-ph-pluss-bayrol\/#primaryimage"},"thumbnailUrl":"https:\/\/123spa.lv\/wp-content\/uploads\/2024\/03\/ph-limeni-paaugstinosas-granulas-spa-vannam-ph-a69a9_reference.webp","datePublished":"2024-03-07T17:41:25+00:00","dateModified":"2024-07-16T09:23:51+00:00","description":"\u0413\u0440\u0430\u043d\u0443\u043b\u044b Bayrol pH-Plus \u0443\u0434\u043e\u0431\u043d\u044b \u0432 \u0438\u0441\u043f\u043e\u043b\u044c\u0437\u043e\u0432\u0430\u043d\u0438\u0438, \u0431\u044b\u0441\u0442\u0440\u043e \u0440\u0430\u0441\u0442\u0432\u043e\u0440\u044f\u044e\u0442\u0441\u044f \u0432 \u0432\u043e\u0434\u0435, \u043d\u0435 \u043e\u0441\u0442\u0430\u0432\u043b\u044f\u044f \u043e\u0441\u0430\u0434\u043a\u0430 \u0438 \u043d\u0435 \u0441\u043e\u0437\u0434\u0430\u0432\u0430\u044f \u043c\u0443\u0442\u0438. \u0412\u044b\u0431\u0438\u0440\u0430\u0439\u0442\u0435 Bayrol pH-Plus!","breadcrumb":{"@id":"https:\/\/123spa.lv\/ru\/products\/sredstva-po-uhodu-dlya-spa-vann\/granuli-ph-pluss-bayrol\/#breadcrumb"},"inLanguage":"ru-RU","potentialAction":[{"@type":"ReadAction","target":["https:\/\/123spa.lv\/ru\/products\/sredstva-po-uhodu-dlya-spa-vann\/granuli-ph-pluss-bayrol\/"]}]},{"@type":"ImageObject","inLanguage":"ru-RU","@id":"https:\/\/123spa.lv\/ru\/products\/sredstva-po-uhodu-dlya-spa-vann\/granuli-ph-pluss-bayrol\/#primaryimage","url":"https:\/\/123spa.lv\/wp-content\/uploads\/2024\/03\/ph-limeni-paaugstinosas-granulas-spa-vannam-ph-a69a9_reference.webp","contentUrl":"https:\/\/123spa.lv\/wp-content\/uploads\/2024\/03\/ph-limeni-paaugstinosas-granulas-spa-vannam-ph-a69a9_reference.webp","width":800,"height":800,"caption":"pH l\u012bmeni paaugstino\u0161as granulas SPA vann\u0101m pH-Plus, Bayrol, 1 kg"},{"@type":"BreadcrumbList","@id":"https:\/\/123spa.lv\/ru\/products\/sredstva-po-uhodu-dlya-spa-vann\/granuli-ph-pluss-bayrol\/#breadcrumb","itemListElement":[{"@type":"ListItem","position":1,"name":"C\u0440\u0435\u0434\u0441\u0442\u0432\u0430 \u043f\u043e \u0443\u0445\u043e\u0434\u0443 \u0437\u0430 \u0431\u0430\u0441\u0441\u0435\u0439\u043d\u043e\u043c","item":"https:\/\/123spa.lv\/ru\/magazin\/"},{"@type":"ListItem","position":2,"name":"\u0421\u0440\u0435\u0434\u0441\u0442\u0432\u0430 \u043f\u043e \u0443\u0445\u043e\u0434\u0443 \u0434\u043b\u044f \u0421\u041f\u0410-\u0432\u0430\u043d\u043d","item":"https:\/\/123spa.lv\/ru\/produkta-kategorija\/sredstva-po-uhodu-dlya-spa-vann\/"},{"@type":"ListItem","position":3,"name":"\u0413\u0440\u0430\u043d\u0443\u043b\u044b, \u043f\u043e\u0432\u044b\u0448\u0430\u044e\u0449\u0438\u0435 \u0443\u0440\u043e\u0432\u0435\u043d\u044c pH \u0434\u043b\u044f \u0421\u041f\u0410-\u0432\u0430\u043d\u043d pH-Plus, Bayrol, 1 \u043a\u0433"}]},{"@type":"WebSite","@id":"https:\/\/123spa.lv\/ru\/#website","url":"https:\/\/123spa.lv\/ru\/","name":"123 SPA","description":"123 Idejas Tavam SPA!","publisher":{"@id":"https:\/\/123spa.lv\/ru\/#organization"},"potentialAction":[{"@type":"SearchAction","target":{"@type":"EntryPoint","urlTemplate":"https:\/\/123spa.lv\/ru\/?s={search_term_string}"},"query-input":{"@type":"PropertyValueSpecification","valueRequired":true,"valueName":"search_term_string"}}],"inLanguage":"ru-RU"},{"@type":"Organization","@id":"https:\/\/123spa.lv\/ru\/#organization","name":"123 SPA","url":"https:\/\/123spa.lv\/ru\/","logo":{"@type":"ImageObject","inLanguage":"ru-RU","@id":"https:\/\/123spa.lv\/ru\/#\/schema\/logo\/image\/","url":"https:\/\/123spa.lv\/wp-content\/uploads\/2023\/04\/cropped-image_3.png","contentUrl":"https:\/\/123spa.lv\/wp-content\/uploads\/2023\/04\/cropped-image_3.png","width":512,"height":512,"caption":"123 SPA"},"image":{"@id":"https:\/\/123spa.lv\/ru\/#\/schema\/logo\/image\/"},"sameAs":["https:\/\/www.facebook.com\/profile.php?id=100091927931505"]}]}},"_links":{"self":[{"href":"https:\/\/123spa.lv\/ru\/wp-json\/wp\/v2\/product\/3834","targetHints":{"allow":["GET"]}}],"collection":[{"href":"https:\/\/123spa.lv\/ru\/wp-json\/wp\/v2\/product"}],"about":[{"href":"https:\/\/123spa.lv\/ru\/wp-json\/wp\/v2\/types\/product"}],"wp:featuredmedia":[{"embeddable":true,"href":"https:\/\/123spa.lv\/ru\/wp-json\/wp\/v2\/media\/3278"}],"wp:attachment":[{"href":"https:\/\/123spa.lv\/ru\/wp-json\/wp\/v2\/media?parent=3834"}],"wp:term":[{"taxonomy":"product_brand","embeddable":true,"href":"https:\/\/123spa.lv\/ru\/wp-json\/wp\/v2\/product_brand?post=3834"},{"taxonomy":"product_cat","embeddable":true,"href":"https:\/\/123spa.lv\/ru\/wp-json\/wp\/v2\/product_cat?post=3834"},{"taxonomy":"product_tag","embeddable":true,"href":"https:\/\/123spa.lv\/ru\/wp-json\/wp\/v2\/product_tag?post=3834"}],"curies":[{"name":"wp","href":"https:\/\/api.w.org\/{rel}","templated":true}]}}